{"id":3939,"date":"2024-06-05T12:16:26","date_gmt":"2024-06-05T10:16:26","guid":{"rendered":"https:\/\/ripi.iss.it\/ripi\/?page_id=3939"},"modified":"2025-04-17T12:52:23","modified_gmt":"2025-04-17T10:52:23","slug":"p-ripi","status":"publish","type":"page","link":"https:\/\/ripi.iss.it\/ripi\/it\/p-ripi\/","title":{"rendered":"\u03c0-RIPI"},"content":{"rendered":"<div id=\"pl-3939\"  class=\"panel-layout\" ><div id=\"pg-3939-0\"  class=\"panel-grid panel-no-style\" ><div id=\"pgc-3939-0-0\"  class=\"panel-grid-cell\" ><div id=\"panel-3939-0-0-0\" class=\"so-panel widget widget_sow-image panel-first-child\" data-index=\"0\" ><div\n\t\t\t\n\t\t\tclass=\"so-widget-sow-image so-widget-sow-image-default-c67d20f9f743-3939\"\n\t\t\t\n\t\t>\n<div class=\"sow-image-container\">\n\t\t<img \n\tsrc=\"https:\/\/ripi.iss.it\/ripi\/wp-content\/uploads\/2024\/06\/piattaforma-pigreco-RIPI-pdf-e1717514162188-768x227.png\" width=\"350\" height=\"103\" srcset=\"https:\/\/ripi.iss.it\/ripi\/wp-content\/uploads\/2024\/06\/piattaforma-pigreco-RIPI-pdf-e1717514162188-768x227.png 768w, https:\/\/ripi.iss.it\/ripi\/wp-content\/uploads\/2024\/06\/piattaforma-pigreco-RIPI-pdf-e1717514162188-300x89.png 300w, https:\/\/ripi.iss.it\/ripi\/wp-content\/uploads\/2024\/06\/piattaforma-pigreco-RIPI-pdf-e1717514162188.png 885w\" sizes=\"(max-width: 350px) 100vw, 350px\" title=\"&rarr;\" alt=\"\" \t\tclass=\"so-widget-image\"\/>\n\t<\/div>\n\n<\/div><\/div><div id=\"panel-3939-0-0-1\" class=\"so-panel widget widget_sow-editor\" data-index=\"1\" ><div\n\t\t\t\n\t\t\tclass=\"so-widget-sow-editor so-widget-sow-editor-base\"\n\t\t\t\n\t\t>\n<div class=\"siteorigin-widget-tinymce textwidget\">\n\t<p>Il progetto \u03c0-RIPI \u201cCreation of the prototype of the data collection platform of the National Registry of Implantable Prostheses (RIPI)\u201d \u00e8 stato concepito per capitalizzare quanto gi\u00e0 progettato dall'ISS, nell'ambito di precedenti progetti nazionali per supportare la raccolta dei dati del Progetto Registro Italiano delle Protesi Impiantabili (RIPI). \u00c8 stato parzialmente implementato in un contesto sperimentale (TRL3) e sar\u00e0 poi messo in pratica, realizzando un prototipo di infrastruttura informatica complessa, comprendente diversi registri di specifiche categorie di dispositivi (es. protesi articolari, defibrillatori e pacemaker, dispositivi spinali, valvole cardiache e dispositivi acustici impiantabili), integrati con il contesto reale di alcuni servizi sanitari regionali (verso il TRL7). La piattaforma \u03c0-RIPI rifletter\u00e0 l'architettura RIPI strutturata come un ombrello comprendente diversi moduli e componenti standardizzati.<\/p>\n<p>Lo sviluppo di un progetto pilota sulla componente specifica del progetto \u03c0-RIPI riguardante l'identificazione e la caratterizzazione dei dispositivi impiantati e la sua implementazione come Proof of Concept (POC) \u00e8 stato incluso nel Flagship Project 4 (FP4) \u201cSviluppo, innovazione e certificazione di dispositivi medici e non-medici per la salute\u201d (WG1, Sezione 4) e sviluppato in collaborazione tra ISS (Spoke 2), BVTech (Spoke 1, FP4), Confindustria-DM (FP4) (Figura 1).<\/p>\n<\/div>\n<\/div><\/div><div id=\"panel-3939-0-0-2\" class=\"so-panel widget widget_sow-image\" data-index=\"2\" ><div class=\"panel-widget-style panel-widget-style-for-3939-0-0-2\" ><div\n\t\t\t\n\t\t\tclass=\"so-widget-sow-image so-widget-sow-image-default-8b5b6f678277-3939\"\n\t\t\t\n\t\t>\n<div class=\"sow-image-container\">\n\t\t\t<a href=\"https:\/\/ripi.iss.it\/ripi\/wp-content\/uploads\/2024\/06\/planning_IT.jpg\"\n\t\t\t\t\t>\n\t\t\t<img \n\tsrc=\"https:\/\/ripi.iss.it\/ripi\/wp-content\/uploads\/2024\/06\/planning_IT.jpg\" width=\"1315\" height=\"552\" srcset=\"https:\/\/ripi.iss.it\/ripi\/wp-content\/uploads\/2024\/06\/planning_IT.jpg 1315w, https:\/\/ripi.iss.it\/ripi\/wp-content\/uploads\/2024\/06\/planning_IT-300x126.jpg 300w, https:\/\/ripi.iss.it\/ripi\/wp-content\/uploads\/2024\/06\/planning_IT-1024x430.jpg 1024w, https:\/\/ripi.iss.it\/ripi\/wp-content\/uploads\/2024\/06\/planning_IT-768x322.jpg 768w\" sizes=\"(max-width: 1315px) 100vw, 1315px\" alt=\"\" \t\tclass=\"so-widget-image\"\/>\n\t\t\t<\/a><\/div>\n\n<\/div><\/div><\/div><div id=\"panel-3939-0-0-3\" class=\"so-panel widget widget_sow-editor\" data-index=\"3\" ><div\n\t\t\t\n\t\t\tclass=\"so-widget-sow-editor so-widget-sow-editor-base\"\n\t\t\t\n\t\t>\n<div class=\"siteorigin-widget-tinymce textwidget\">\n\t<h6>Calendario delle attivit\u00e0 \u03c0-RIPI svolte nel framework Rome Technopole<\/h6>\n<\/div>\n<\/div><\/div><div id=\"panel-3939-0-0-4\" class=\"so-panel widget widget_sow-editor panel-last-child\" data-index=\"4\" ><div\n\t\t\t\n\t\t\tclass=\"so-widget-sow-editor so-widget-sow-editor-base\"\n\t\t\t\n\t\t>\n<div class=\"siteorigin-widget-tinymce textwidget\">\n\t<p>Uno degli obiettivi principali del <a href=\"https:\/\/ripi.iss.it\/ripi\/it\/il-progetto\/\" target=\"_blank\" rel=\"noopener\">Progetto RIPI<\/a> \u00e8 quello di fornire dati affidabili e di alta qualit\u00e0 per il monitoraggio degli esiti degli interventi chirurgici, l'analisi della sopravvivenza, la valutazione della sicurezza di dispositivi e procedure e il supporto alla tracciabilit\u00e0 dei pazienti. L'implementazione di una piattaforma integrata potrebbe quindi migliorare sensibilmente l'efficacia di tali attivit\u00e0. Ci\u00f2 porterebbe a una migliore qualit\u00e0 di vita per i pazienti, alla produzione di dispositivi migliori da parte dei produttori e a un sistema sanitario nazionale pi\u00f9 efficiente e funzionale, oltre al potenziamento delle attivit\u00e0 scientifiche internazionali. Da un punto di vista pi\u00f9 tecnologico, la realizzazione del progetto \u03c0-RIPI creerebbe, per realt\u00e0 simili al RIPI, anche un framework da seguire nei loro processi di digitalizzazione, che verrebbero notevolmente facilitati.<\/p>\n<p>Il progetto \u03c0-RIPI si inserisce negli obiettivi definiti per il Rome Technopole, in particolare per gli Spoke 1, Spoke 2 e FP4.<\/p>\n<p>Per ulteriori informazioni sulle attivit\u00e0 nell'ambito dello Spoke 2, scaricare il catalogo \"<a href=\"https:\/\/web.uniroma2.it\/it\/contenuto\/catalogo-i-prodotti-del-trasferimento-tecnologico-nellecosistema-dellinnovazione-rome-technopole\" target=\"_blank\" rel=\"noopener\"><strong>I prodotti del trasferimento tecnologico nell\u2019ecosistema dell\u2019Innovazione Rome Technopole<\/strong><\/a>\". Il progetto \u03c0-RIPI e le relative attivit\u00e0 sono descritte nella Scheda 9.<\/p>\n<\/div>\n<\/div><\/div><\/div><\/div><\/div>","protected":false},"excerpt":{"rendered":"<p>Il progetto \u03c0-RIPI \u201cCreation of the prototype of the data collection platform of the National Registry of Implantable Prostheses (RIPI)\u201d \u00e8 stato concepito per capitalizzare &#8230; <\/p>\n","protected":false},"author":4,"featured_media":0,"parent":0,"menu_order":0,"comment_status":"closed","ping_status":"closed","template":"","meta":{"_acf_changed":false,"footnotes":""},"class_list":["post-3939","page","type-page","status-publish","hentry"],"acf":[],"yoast_head":"<!-- This site is optimized with the Yoast SEO plugin v27.3 - https:\/\/yoast.com\/product\/yoast-seo-wordpress\/ -->\r\n<title>\u03c0-RIPI | RIPI<\/title>\r\n<meta name=\"robots\" content=\"index, follow, max-snippet:-1, max-image-preview:large, max-video-preview:-1\" \/>\r\n<link rel=\"canonical\" href=\"https:\/\/ripi.iss.it\/ripi\/it\/p-ripi\/\" \/>\r\n<meta property=\"og:locale\" content=\"it_IT\" \/>\r\n<meta property=\"og:type\" content=\"article\" \/>\r\n<meta property=\"og:title\" content=\"\u03c0-RIPI | RIPI\" \/>\r\n<meta property=\"og:description\" content=\"Il progetto \u03c0-RIPI \u201cCreation of the prototype of the data collection platform of the National Registry of Implantable Prostheses (RIPI)\u201d \u00e8 stato concepito per capitalizzare ...\" \/>\r\n<meta property=\"og:url\" content=\"https:\/\/ripi.iss.it\/ripi\/it\/p-ripi\/\" \/>\r\n<meta property=\"og:site_name\" content=\"RIPI\" \/>\r\n<meta property=\"article:modified_time\" content=\"2025-04-17T10:52:23+00:00\" \/>\r\n<meta property=\"og:image\" content=\"https:\/\/ripi.iss.it\/ripi\/wp-content\/uploads\/2023\/04\/Home-RIPI.png\" \/>\r\n\t<meta property=\"og:image:width\" content=\"1920\" \/>\r\n\t<meta property=\"og:image:height\" content=\"947\" \/>\r\n\t<meta property=\"og:image:type\" content=\"image\/png\" \/>\r\n<meta name=\"twitter:card\" content=\"summary_large_image\" \/>\r\n<script type=\"application\/ld+json\" class=\"yoast-schema-graph\">{\"@context\":\"https:\\\/\\\/schema.org\",\"@graph\":[{\"@type\":\"WebPage\",\"@id\":\"https:\\\/\\\/ripi.iss.it\\\/ripi\\\/it\\\/p-ripi\\\/\",\"url\":\"https:\\\/\\\/ripi.iss.it\\\/ripi\\\/it\\\/p-ripi\\\/\",\"name\":\"\u03c0-RIPI | RIPI\",\"isPartOf\":{\"@id\":\"https:\\\/\\\/ripi.iss.it\\\/ripi\\\/#website\"},\"datePublished\":\"2024-06-05T10:16:26+00:00\",\"dateModified\":\"2025-04-17T10:52:23+00:00\",\"breadcrumb\":{\"@id\":\"https:\\\/\\\/ripi.iss.it\\\/ripi\\\/it\\\/p-ripi\\\/#breadcrumb\"},\"inLanguage\":\"it-IT\",\"potentialAction\":[{\"@type\":\"ReadAction\",\"target\":[\"https:\\\/\\\/ripi.iss.it\\\/ripi\\\/it\\\/p-ripi\\\/\"]}]},{\"@type\":\"BreadcrumbList\",\"@id\":\"https:\\\/\\\/ripi.iss.it\\\/ripi\\\/it\\\/p-ripi\\\/#breadcrumb\",\"itemListElement\":[{\"@type\":\"ListItem\",\"position\":1,\"name\":\"Home\",\"item\":\"https:\\\/\\\/ripi.iss.it\\\/ripi\\\/it\\\/\"},{\"@type\":\"ListItem\",\"position\":2,\"name\":\"\u03c0-RIPI\"}]},{\"@type\":\"WebSite\",\"@id\":\"https:\\\/\\\/ripi.iss.it\\\/ripi\\\/#website\",\"url\":\"https:\\\/\\\/ripi.iss.it\\\/ripi\\\/\",\"name\":\"RIPI\",\"description\":\"Registro Italiano delle Protesi Impiantabili\",\"publisher\":{\"@id\":\"https:\\\/\\\/ripi.iss.it\\\/ripi\\\/#organization\"},\"potentialAction\":[{\"@type\":\"SearchAction\",\"target\":{\"@type\":\"EntryPoint\",\"urlTemplate\":\"https:\\\/\\\/ripi.iss.it\\\/ripi\\\/?s={search_term_string}\"},\"query-input\":{\"@type\":\"PropertyValueSpecification\",\"valueRequired\":true,\"valueName\":\"search_term_string\"}}],\"inLanguage\":\"it-IT\"},{\"@type\":\"Organization\",\"@id\":\"https:\\\/\\\/ripi.iss.it\\\/ripi\\\/#organization\",\"name\":\"RIPI | Registro italiano delle protesi impiantabili\",\"url\":\"https:\\\/\\\/ripi.iss.it\\\/ripi\\\/\",\"logo\":{\"@type\":\"ImageObject\",\"inLanguage\":\"it-IT\",\"@id\":\"https:\\\/\\\/ripi.iss.it\\\/ripi\\\/#\\\/schema\\\/logo\\\/image\\\/\",\"url\":\"https:\\\/\\\/ripi.iss.it\\\/ripi\\\/wp-content\\\/uploads\\\/2019\\\/12\\\/logo_ripi_retina.png\",\"contentUrl\":\"https:\\\/\\\/ripi.iss.it\\\/ripi\\\/wp-content\\\/uploads\\\/2019\\\/12\\\/logo_ripi_retina.png\",\"width\":587,\"height\":258,\"caption\":\"RIPI | Registro italiano delle protesi impiantabili\"},\"image\":{\"@id\":\"https:\\\/\\\/ripi.iss.it\\\/ripi\\\/#\\\/schema\\\/logo\\\/image\\\/\"}}]}<\/script>\r\n<!-- \/ Yoast SEO plugin. -->","yoast_head_json":{"title":"\u03c0-RIPI | RIPI","robots":{"index":"index","follow":"follow","max-snippet":"max-snippet:-1","max-image-preview":"max-image-preview:large","max-video-preview":"max-video-preview:-1"},"canonical":"https:\/\/ripi.iss.it\/ripi\/it\/p-ripi\/","og_locale":"it_IT","og_type":"article","og_title":"\u03c0-RIPI | RIPI","og_description":"Il progetto \u03c0-RIPI \u201cCreation of the prototype of the data collection platform of the National Registry of Implantable Prostheses (RIPI)\u201d \u00e8 stato concepito per capitalizzare ...","og_url":"https:\/\/ripi.iss.it\/ripi\/it\/p-ripi\/","og_site_name":"RIPI","article_modified_time":"2025-04-17T10:52:23+00:00","og_image":[{"width":1920,"height":947,"url":"https:\/\/ripi.iss.it\/ripi\/wp-content\/uploads\/2023\/04\/Home-RIPI.png","type":"image\/png"}],"twitter_card":"summary_large_image","schema":{"@context":"https:\/\/schema.org","@graph":[{"@type":"WebPage","@id":"https:\/\/ripi.iss.it\/ripi\/it\/p-ripi\/","url":"https:\/\/ripi.iss.it\/ripi\/it\/p-ripi\/","name":"\u03c0-RIPI | RIPI","isPartOf":{"@id":"https:\/\/ripi.iss.it\/ripi\/#website"},"datePublished":"2024-06-05T10:16:26+00:00","dateModified":"2025-04-17T10:52:23+00:00","breadcrumb":{"@id":"https:\/\/ripi.iss.it\/ripi\/it\/p-ripi\/#breadcrumb"},"inLanguage":"it-IT","potentialAction":[{"@type":"ReadAction","target":["https:\/\/ripi.iss.it\/ripi\/it\/p-ripi\/"]}]},{"@type":"BreadcrumbList","@id":"https:\/\/ripi.iss.it\/ripi\/it\/p-ripi\/#breadcrumb","itemListElement":[{"@type":"ListItem","position":1,"name":"Home","item":"https:\/\/ripi.iss.it\/ripi\/it\/"},{"@type":"ListItem","position":2,"name":"\u03c0-RIPI"}]},{"@type":"WebSite","@id":"https:\/\/ripi.iss.it\/ripi\/#website","url":"https:\/\/ripi.iss.it\/ripi\/","name":"RIPI","description":"Registro Italiano delle Protesi Impiantabili","publisher":{"@id":"https:\/\/ripi.iss.it\/ripi\/#organization"},"potentialAction":[{"@type":"SearchAction","target":{"@type":"EntryPoint","urlTemplate":"https:\/\/ripi.iss.it\/ripi\/?s={search_term_string}"},"query-input":{"@type":"PropertyValueSpecification","valueRequired":true,"valueName":"search_term_string"}}],"inLanguage":"it-IT"},{"@type":"Organization","@id":"https:\/\/ripi.iss.it\/ripi\/#organization","name":"RIPI | Registro italiano delle protesi impiantabili","url":"https:\/\/ripi.iss.it\/ripi\/","logo":{"@type":"ImageObject","inLanguage":"it-IT","@id":"https:\/\/ripi.iss.it\/ripi\/#\/schema\/logo\/image\/","url":"https:\/\/ripi.iss.it\/ripi\/wp-content\/uploads\/2019\/12\/logo_ripi_retina.png","contentUrl":"https:\/\/ripi.iss.it\/ripi\/wp-content\/uploads\/2019\/12\/logo_ripi_retina.png","width":587,"height":258,"caption":"RIPI | Registro italiano delle protesi impiantabili"},"image":{"@id":"https:\/\/ripi.iss.it\/ripi\/#\/schema\/logo\/image\/"}}]}},"_links":{"self":[{"href":"https:\/\/ripi.iss.it\/ripi\/wp-json\/wp\/v2\/pages\/3939","targetHints":{"allow":["GET"]}}],"collection":[{"href":"https:\/\/ripi.iss.it\/ripi\/wp-json\/wp\/v2\/pages"}],"about":[{"href":"https:\/\/ripi.iss.it\/ripi\/wp-json\/wp\/v2\/types\/page"}],"author":[{"embeddable":true,"href":"https:\/\/ripi.iss.it\/ripi\/wp-json\/wp\/v2\/users\/4"}],"replies":[{"embeddable":true,"href":"https:\/\/ripi.iss.it\/ripi\/wp-json\/wp\/v2\/comments?post=3939"}],"version-history":[{"count":0,"href":"https:\/\/ripi.iss.it\/ripi\/wp-json\/wp\/v2\/pages\/3939\/revisions"}],"wp:attachment":[{"href":"https:\/\/ripi.iss.it\/ripi\/wp-json\/wp\/v2\/media?parent=3939"}],"curies":[{"name":"wp","href":"https:\/\/api.w.org\/{rel}","templated":true}]}}