{"id":3217,"date":"2022-05-19T15:00:07","date_gmt":"2022-05-19T13:00:07","guid":{"rendered":"https:\/\/ripi.iss.it\/ripi\/?page_id=3217"},"modified":"2022-05-19T15:25:07","modified_gmt":"2022-05-19T13:25:07","slug":"ridiu-registro-italiano-dispositivi-impiantabili-uditivi","status":"publish","type":"page","link":"https:\/\/ripi.iss.it\/ripi\/it\/il-progetto\/ridiu-registro-italiano-dispositivi-impiantabili-uditivi\/","title":{"rendered":"RIDIU &#8211; Registro Italiano Dispositivi Impiantabili Uditivi"},"content":{"rendered":"<p>I dispositivi impiantabili uditivi si suddividono in due categorie: impianti cocleari e impianti non cocleari (o protesi uditive impiantabili).<\/p>\n<p>Gli impianti cocleari rappresentano un settore di grande rilevanza per la sanit\u00e0 pubblica, in quanto interessano un grande numero di pazienti pediatrici e si configurano come una tecnologia molto avanzata e di notevole impatto sulla qualit\u00e0 di vita. Il numero di interventi, pi\u00f9 che raddoppiato nell\u2019arco di 20 anni, comporta un impatto economico sul sistema sanitario nazionale non trascurabile, stimabile in oltre 20 milioni di Euro all\u2019anno. A ci\u00f2 si aggiunge l\u2019attuale presenza di una discrepanza ragguardevole a livello regionale nell\u2019accesso alle cure e la difficolt\u00e0 nel recuperare le evidenze sulla sicurezza dei dispositivi impiantati.<\/p>\n<p>Gli impianti non cocleari sono una categoria di dispositivi di ausilio uditivo meno numerosa ma pi\u00f9 complessa rispetto agli impianti cocleari. Nonostante la numerosit\u00e0 limitata, esiste tuttavia gi\u00e0 un\u2019enorme variegatura che rende la loro classificazione difficile; inoltre, \u00e8 un numero destinato ad aumentare e il costo di alcuni di essi si sta avvicinando a quelli degli impianti cocleari.<\/p>\n<p>Sono questi i presupposti che hanno motivato gli esperti del settore a richiedere di considerare all\u2019interno della cornice del <a href=\"https:\/\/ripi.iss.it\/ripi\/it\/\" target=\"_blank\" rel=\"noopener\"><strong>RIPI<\/strong><\/a> l\u2019istituzione di un Registro nazionale per permettere la registrazione degli interventi e acquisire dati di <em>effectiveness<\/em> e sicurezza di tutti i dispositivi impiantati.<\/p>\n<p>Come primo passo per dare avvio alle attivit\u00e0 richieste per l\u2019implementazione del Registro \u00e8 stato costituito il <a href=\"https:\/\/ripi.iss.it\/ripi\/it\/il-progetto\/ridiu-registro-italiano-dispositivi-impiantabili-uditivi\/tavolo-tecnico\/\" target=\"_blank\" rel=\"noopener\"><strong>Tavolo tecnico<\/strong><\/a> degli esperti che si pone i seguenti obiettivi:<\/p>\n<ul>\n<li>realizzare una mappatura dell\u2019attivit\u00e0 di implantologia dei dispositivi impiantabili uditivi attraverso l\u2019analisi dei dati contenuti nelle Schede di Dimissioni Ospedaliera (SDO);<\/li>\n<li>definire l\u2019<em>outcome<\/em> del registro, in base ai risultati di un\u2019analisi della letteratura e all\u2019esperienza maturata da altri registri simili, in particolare quello francese;<\/li>\n<li>selezionare le variabili cliniche integrative alla SDO (minimum data set) utili per descrivere gli interventi e quindi per la raccolta dei dati del registro;<\/li>\n<li>valutare il modello di flusso informativo da implementare su scala nazionale.<\/li>\n<\/ul>\n","protected":false},"excerpt":{"rendered":"<p>I dispositivi impiantabili uditivi si suddividono in due categorie: impianti cocleari e impianti non cocleari (o protesi uditive impiantabili). Gli impianti cocleari rappresentano un settore &#8230; <\/p>\n","protected":false},"author":2,"featured_media":3218,"parent":2114,"menu_order":0,"comment_status":"closed","ping_status":"closed","template":"","meta":{"_acf_changed":false,"footnotes":""},"class_list":["post-3217","page","type-page","status-publish","has-post-thumbnail","hentry"],"acf":[],"yoast_head":"<!-- This site is optimized with the Yoast SEO plugin v27.3 - https:\/\/yoast.com\/product\/yoast-seo-wordpress\/ -->\r\n<title>RIDIU - Registro Italiano Dispositivi Impiantabili Uditivi | RIPI<\/title>\r\n<meta name=\"robots\" content=\"index, follow, max-snippet:-1, max-image-preview:large, max-video-preview:-1\" \/>\r\n<link rel=\"canonical\" href=\"https:\/\/ripi.iss.it\/ripi\/it\/il-progetto\/ridiu-registro-italiano-dispositivi-impiantabili-uditivi\/\" \/>\r\n<meta property=\"og:locale\" content=\"it_IT\" \/>\r\n<meta property=\"og:type\" content=\"article\" \/>\r\n<meta property=\"og:title\" content=\"RIDIU - Registro Italiano Dispositivi Impiantabili Uditivi | RIPI\" \/>\r\n<meta property=\"og:description\" content=\"I dispositivi impiantabili uditivi si suddividono in due categorie: impianti cocleari e impianti non cocleari (o protesi uditive impiantabili). Gli impianti cocleari rappresentano un settore ...\" \/>\r\n<meta property=\"og:url\" content=\"https:\/\/ripi.iss.it\/ripi\/it\/il-progetto\/ridiu-registro-italiano-dispositivi-impiantabili-uditivi\/\" \/>\r\n<meta property=\"og:site_name\" content=\"RIPI\" \/>\r\n<meta property=\"article:modified_time\" content=\"2022-05-19T13:25:07+00:00\" \/>\r\n<meta property=\"og:image\" content=\"https:\/\/ripi.iss.it\/ripi\/wp-content\/uploads\/2022\/05\/iStock-467740206.jpg\" \/>\r\n\t<meta property=\"og:image:width\" content=\"2017\" \/>\r\n\t<meta property=\"og:image:height\" content=\"1487\" \/>\r\n\t<meta property=\"og:image:type\" content=\"image\/jpeg\" \/>\r\n<meta name=\"twitter:card\" content=\"summary_large_image\" \/>\r\n<script type=\"application\/ld+json\" class=\"yoast-schema-graph\">{\"@context\":\"https:\\\/\\\/schema.org\",\"@graph\":[{\"@type\":\"WebPage\",\"@id\":\"https:\\\/\\\/ripi.iss.it\\\/ripi\\\/it\\\/il-progetto\\\/ridiu-registro-italiano-dispositivi-impiantabili-uditivi\\\/\",\"url\":\"https:\\\/\\\/ripi.iss.it\\\/ripi\\\/it\\\/il-progetto\\\/ridiu-registro-italiano-dispositivi-impiantabili-uditivi\\\/\",\"name\":\"RIDIU - Registro Italiano Dispositivi Impiantabili Uditivi | RIPI\",\"isPartOf\":{\"@id\":\"https:\\\/\\\/ripi.iss.it\\\/ripi\\\/#website\"},\"primaryImageOfPage\":{\"@id\":\"https:\\\/\\\/ripi.iss.it\\\/ripi\\\/it\\\/il-progetto\\\/ridiu-registro-italiano-dispositivi-impiantabili-uditivi\\\/#primaryimage\"},\"image\":{\"@id\":\"https:\\\/\\\/ripi.iss.it\\\/ripi\\\/it\\\/il-progetto\\\/ridiu-registro-italiano-dispositivi-impiantabili-uditivi\\\/#primaryimage\"},\"thumbnailUrl\":\"https:\\\/\\\/ripi.iss.it\\\/ripi\\\/wp-content\\\/uploads\\\/2022\\\/05\\\/iStock-467740206.jpg\",\"datePublished\":\"2022-05-19T13:00:07+00:00\",\"dateModified\":\"2022-05-19T13:25:07+00:00\",\"breadcrumb\":{\"@id\":\"https:\\\/\\\/ripi.iss.it\\\/ripi\\\/it\\\/il-progetto\\\/ridiu-registro-italiano-dispositivi-impiantabili-uditivi\\\/#breadcrumb\"},\"inLanguage\":\"it-IT\",\"potentialAction\":[{\"@type\":\"ReadAction\",\"target\":[\"https:\\\/\\\/ripi.iss.it\\\/ripi\\\/it\\\/il-progetto\\\/ridiu-registro-italiano-dispositivi-impiantabili-uditivi\\\/\"]}]},{\"@type\":\"ImageObject\",\"inLanguage\":\"it-IT\",\"@id\":\"https:\\\/\\\/ripi.iss.it\\\/ripi\\\/it\\\/il-progetto\\\/ridiu-registro-italiano-dispositivi-impiantabili-uditivi\\\/#primaryimage\",\"url\":\"https:\\\/\\\/ripi.iss.it\\\/ripi\\\/wp-content\\\/uploads\\\/2022\\\/05\\\/iStock-467740206.jpg\",\"contentUrl\":\"https:\\\/\\\/ripi.iss.it\\\/ripi\\\/wp-content\\\/uploads\\\/2022\\\/05\\\/iStock-467740206.jpg\",\"width\":2017,\"height\":1487},{\"@type\":\"BreadcrumbList\",\"@id\":\"https:\\\/\\\/ripi.iss.it\\\/ripi\\\/it\\\/il-progetto\\\/ridiu-registro-italiano-dispositivi-impiantabili-uditivi\\\/#breadcrumb\",\"itemListElement\":[{\"@type\":\"ListItem\",\"position\":1,\"name\":\"Home\",\"item\":\"https:\\\/\\\/ripi.iss.it\\\/ripi\\\/it\\\/\"},{\"@type\":\"ListItem\",\"position\":2,\"name\":\"Il progetto\",\"item\":\"https:\\\/\\\/ripi.iss.it\\\/ripi\\\/it\\\/il-progetto\\\/\"},{\"@type\":\"ListItem\",\"position\":3,\"name\":\"RIDIU &#8211; Registro Italiano Dispositivi Impiantabili Uditivi\"}]},{\"@type\":\"WebSite\",\"@id\":\"https:\\\/\\\/ripi.iss.it\\\/ripi\\\/#website\",\"url\":\"https:\\\/\\\/ripi.iss.it\\\/ripi\\\/\",\"name\":\"RIPI\",\"description\":\"Registro Italiano delle Protesi Impiantabili\",\"publisher\":{\"@id\":\"https:\\\/\\\/ripi.iss.it\\\/ripi\\\/#organization\"},\"potentialAction\":[{\"@type\":\"SearchAction\",\"target\":{\"@type\":\"EntryPoint\",\"urlTemplate\":\"https:\\\/\\\/ripi.iss.it\\\/ripi\\\/?s={search_term_string}\"},\"query-input\":{\"@type\":\"PropertyValueSpecification\",\"valueRequired\":true,\"valueName\":\"search_term_string\"}}],\"inLanguage\":\"it-IT\"},{\"@type\":\"Organization\",\"@id\":\"https:\\\/\\\/ripi.iss.it\\\/ripi\\\/#organization\",\"name\":\"RIPI | Registro italiano delle protesi impiantabili\",\"url\":\"https:\\\/\\\/ripi.iss.it\\\/ripi\\\/\",\"logo\":{\"@type\":\"ImageObject\",\"inLanguage\":\"it-IT\",\"@id\":\"https:\\\/\\\/ripi.iss.it\\\/ripi\\\/#\\\/schema\\\/logo\\\/image\\\/\",\"url\":\"https:\\\/\\\/ripi.iss.it\\\/ripi\\\/wp-content\\\/uploads\\\/2019\\\/12\\\/logo_ripi_retina.png\",\"contentUrl\":\"https:\\\/\\\/ripi.iss.it\\\/ripi\\\/wp-content\\\/uploads\\\/2019\\\/12\\\/logo_ripi_retina.png\",\"width\":587,\"height\":258,\"caption\":\"RIPI | Registro italiano delle protesi impiantabili\"},\"image\":{\"@id\":\"https:\\\/\\\/ripi.iss.it\\\/ripi\\\/#\\\/schema\\\/logo\\\/image\\\/\"}}]}<\/script>\r\n<!-- \/ Yoast SEO plugin. -->","yoast_head_json":{"title":"RIDIU - Registro Italiano Dispositivi Impiantabili Uditivi | RIPI","robots":{"index":"index","follow":"follow","max-snippet":"max-snippet:-1","max-image-preview":"max-image-preview:large","max-video-preview":"max-video-preview:-1"},"canonical":"https:\/\/ripi.iss.it\/ripi\/it\/il-progetto\/ridiu-registro-italiano-dispositivi-impiantabili-uditivi\/","og_locale":"it_IT","og_type":"article","og_title":"RIDIU - Registro Italiano Dispositivi Impiantabili Uditivi | RIPI","og_description":"I dispositivi impiantabili uditivi si suddividono in due categorie: impianti cocleari e impianti non cocleari (o protesi uditive impiantabili). Gli impianti cocleari rappresentano un settore ...","og_url":"https:\/\/ripi.iss.it\/ripi\/it\/il-progetto\/ridiu-registro-italiano-dispositivi-impiantabili-uditivi\/","og_site_name":"RIPI","article_modified_time":"2022-05-19T13:25:07+00:00","og_image":[{"width":2017,"height":1487,"url":"https:\/\/ripi.iss.it\/ripi\/wp-content\/uploads\/2022\/05\/iStock-467740206.jpg","type":"image\/jpeg"}],"twitter_card":"summary_large_image","schema":{"@context":"https:\/\/schema.org","@graph":[{"@type":"WebPage","@id":"https:\/\/ripi.iss.it\/ripi\/it\/il-progetto\/ridiu-registro-italiano-dispositivi-impiantabili-uditivi\/","url":"https:\/\/ripi.iss.it\/ripi\/it\/il-progetto\/ridiu-registro-italiano-dispositivi-impiantabili-uditivi\/","name":"RIDIU - Registro Italiano Dispositivi Impiantabili Uditivi | RIPI","isPartOf":{"@id":"https:\/\/ripi.iss.it\/ripi\/#website"},"primaryImageOfPage":{"@id":"https:\/\/ripi.iss.it\/ripi\/it\/il-progetto\/ridiu-registro-italiano-dispositivi-impiantabili-uditivi\/#primaryimage"},"image":{"@id":"https:\/\/ripi.iss.it\/ripi\/it\/il-progetto\/ridiu-registro-italiano-dispositivi-impiantabili-uditivi\/#primaryimage"},"thumbnailUrl":"https:\/\/ripi.iss.it\/ripi\/wp-content\/uploads\/2022\/05\/iStock-467740206.jpg","datePublished":"2022-05-19T13:00:07+00:00","dateModified":"2022-05-19T13:25:07+00:00","breadcrumb":{"@id":"https:\/\/ripi.iss.it\/ripi\/it\/il-progetto\/ridiu-registro-italiano-dispositivi-impiantabili-uditivi\/#breadcrumb"},"inLanguage":"it-IT","potentialAction":[{"@type":"ReadAction","target":["https:\/\/ripi.iss.it\/ripi\/it\/il-progetto\/ridiu-registro-italiano-dispositivi-impiantabili-uditivi\/"]}]},{"@type":"ImageObject","inLanguage":"it-IT","@id":"https:\/\/ripi.iss.it\/ripi\/it\/il-progetto\/ridiu-registro-italiano-dispositivi-impiantabili-uditivi\/#primaryimage","url":"https:\/\/ripi.iss.it\/ripi\/wp-content\/uploads\/2022\/05\/iStock-467740206.jpg","contentUrl":"https:\/\/ripi.iss.it\/ripi\/wp-content\/uploads\/2022\/05\/iStock-467740206.jpg","width":2017,"height":1487},{"@type":"BreadcrumbList","@id":"https:\/\/ripi.iss.it\/ripi\/it\/il-progetto\/ridiu-registro-italiano-dispositivi-impiantabili-uditivi\/#breadcrumb","itemListElement":[{"@type":"ListItem","position":1,"name":"Home","item":"https:\/\/ripi.iss.it\/ripi\/it\/"},{"@type":"ListItem","position":2,"name":"Il progetto","item":"https:\/\/ripi.iss.it\/ripi\/it\/il-progetto\/"},{"@type":"ListItem","position":3,"name":"RIDIU &#8211; Registro Italiano Dispositivi Impiantabili Uditivi"}]},{"@type":"WebSite","@id":"https:\/\/ripi.iss.it\/ripi\/#website","url":"https:\/\/ripi.iss.it\/ripi\/","name":"RIPI","description":"Registro Italiano delle Protesi Impiantabili","publisher":{"@id":"https:\/\/ripi.iss.it\/ripi\/#organization"},"potentialAction":[{"@type":"SearchAction","target":{"@type":"EntryPoint","urlTemplate":"https:\/\/ripi.iss.it\/ripi\/?s={search_term_string}"},"query-input":{"@type":"PropertyValueSpecification","valueRequired":true,"valueName":"search_term_string"}}],"inLanguage":"it-IT"},{"@type":"Organization","@id":"https:\/\/ripi.iss.it\/ripi\/#organization","name":"RIPI | Registro italiano delle protesi impiantabili","url":"https:\/\/ripi.iss.it\/ripi\/","logo":{"@type":"ImageObject","inLanguage":"it-IT","@id":"https:\/\/ripi.iss.it\/ripi\/#\/schema\/logo\/image\/","url":"https:\/\/ripi.iss.it\/ripi\/wp-content\/uploads\/2019\/12\/logo_ripi_retina.png","contentUrl":"https:\/\/ripi.iss.it\/ripi\/wp-content\/uploads\/2019\/12\/logo_ripi_retina.png","width":587,"height":258,"caption":"RIPI | Registro italiano delle protesi impiantabili"},"image":{"@id":"https:\/\/ripi.iss.it\/ripi\/#\/schema\/logo\/image\/"}}]}},"_links":{"self":[{"href":"https:\/\/ripi.iss.it\/ripi\/wp-json\/wp\/v2\/pages\/3217","targetHints":{"allow":["GET"]}}],"collection":[{"href":"https:\/\/ripi.iss.it\/ripi\/wp-json\/wp\/v2\/pages"}],"about":[{"href":"https:\/\/ripi.iss.it\/ripi\/wp-json\/wp\/v2\/types\/page"}],"author":[{"embeddable":true,"href":"https:\/\/ripi.iss.it\/ripi\/wp-json\/wp\/v2\/users\/2"}],"replies":[{"embeddable":true,"href":"https:\/\/ripi.iss.it\/ripi\/wp-json\/wp\/v2\/comments?post=3217"}],"version-history":[{"count":0,"href":"https:\/\/ripi.iss.it\/ripi\/wp-json\/wp\/v2\/pages\/3217\/revisions"}],"up":[{"embeddable":true,"href":"https:\/\/ripi.iss.it\/ripi\/wp-json\/wp\/v2\/pages\/2114"}],"wp:featuredmedia":[{"embeddable":true,"href":"https:\/\/ripi.iss.it\/ripi\/wp-json\/wp\/v2\/media\/3218"}],"wp:attachment":[{"href":"https:\/\/ripi.iss.it\/ripi\/wp-json\/wp\/v2\/media?parent=3217"}],"curies":[{"name":"wp","href":"https:\/\/api.w.org\/{rel}","templated":true}]}}