{"id":3002,"date":"2021-04-19T10:54:27","date_gmt":"2021-04-19T08:54:27","guid":{"rendered":"https:\/\/ripi.iss.it\/ripi\/?page_id=3002"},"modified":"2021-04-30T16:28:07","modified_gmt":"2021-04-30T14:28:07","slug":"euphoric","status":"publish","type":"page","link":"https:\/\/ripi.iss.it\/ripi\/it\/il-progetto\/progetti-precedenti\/euphoric\/","title":{"rendered":"Euphoric"},"content":{"rendered":"<div id=\"pl-3002\"  class=\"panel-layout\" ><div id=\"pg-3002-0\"  class=\"panel-grid panel-no-style\" ><div id=\"pgc-3002-0-0\"  class=\"panel-grid-cell\" ><div id=\"panel-3002-0-0-0\" class=\"so-panel widget widget_sow-editor panel-first-child\" data-index=\"0\" ><div\n\t\t\t\n\t\t\tclass=\"so-widget-sow-editor so-widget-sow-editor-base\"\n\t\t\t\n\t\t>\n<div class=\"siteorigin-widget-tinymce textwidget\">\n\t<p><img decoding=\"async\" class=\"alignleft\" src=\"\/ripi\/previous-projects\/euphoric\/Att-3-EUPHORIC-Logo.jpg\" alt=\"\" \/><\/p>\n<p>Il Progetto EUPHORIC (EUropean Public Health Outcome Research and Indicators Collection) \u00e8 stato un progetto finanziato dalla Commissione Europea (DG SANCO) nell\u2019ambito del Programma di azione comunitaria nel campo della sanit\u00e0 pubblica (2003-2008) con l\u2019obiettivo di definire un set comune di indicatori di esito specifici per singole aree di patologia (ortopedica e cardiovascolare) e validarli nei paesi europei partecipanti al progetto.<\/p>\n<p>L'esperienza di EUPHORIC si \u00e8 conclusa nel dicembre del 2008, dopo quattro anni di lavoro del network, che nel frattempo si \u00e8 allargato fino a coinvolgere 15 istituzioni di 10 diversi Paesi europei e Israele. La speranza di chi vi ha lavorato \u00e8 che EUPHORIC possa essere stato un punto di partenza per altri progetti di ricerca in questo settore, coscienti della necessit\u00e0 di un continuo monitoraggio dei risultati e di un costante aggiornamento delle procedure, delle metodologie e delle esigenze della salute pubblica. In questa pagina sono stati raccolti e sono disponibili, per la consultazione e il download, il report finale, i deliverable curati dall'ISS, i leaflet, le brochure e il video del progetto.<\/p>\n<p style=\"text-align: center\"><a class=\"btn btn-primary\" href=\"\/ripi\/previous-projects\/euphoric\/Euphoric_final-report.pdf\" target=\"_blank\" rel=\"noopener\">IL REPORT<\/a><\/p>\n<\/div>\n<\/div><\/div><div id=\"panel-3002-0-0-1\" class=\"so-panel widget widget_sow-accordion\" data-index=\"1\" ><div\n\t\t\t\n\t\t\tclass=\"so-widget-sow-accordion so-widget-sow-accordion-default-99be652ed941-3002\"\n\t\t\t\n\t\t><div>\n\t<div class=\"sow-accordion\">\n\t\t\t<div class=\"sow-accordion-panel\n\t\t\t\t\t\"\n\t\t\t\tdata-anchor-id=\"deliverable\">\n\t\t\t\t\t<div class=\"sow-accordion-panel-header-container\" role=\"heading\" aria-level=\"2\">\n\t\t\t\t\t<div class=\"sow-accordion-panel-header\" tabindex=\"0\" role=\"button\" id=\"accordion-label-deliverable\" aria-controls=\"accordion-content-deliverable\" aria-expanded=\"false\">\n\t\t\t\t\t\t<div class=\"sow-accordion-title sow-accordion-title-icon-left\">\n\t\t\t\t\t\t\t\t\t\t\t\t\t\tDeliverable\t\t\t\t\t\t\t\t\t\t\t\t\t<\/div>\n\t\t\t\t\t\t<div class=\"sow-accordion-open-close-button\">\n\t\t\t\t\t\t\t<div class=\"sow-accordion-open-button\">\n\t\t\t\t\t\t\t\t<span class=\"sow-icon-ionicons\" data-sow-icon=\"&#xf218;\"\n\t\t \n\t\taria-hidden=\"true\"><\/span>\t\t\t\t\t\t\t<\/div>\n\t\t\t\t\t\t\t<div class=\"sow-accordion-close-button\">\n\t\t\t\t\t\t\t\t<span class=\"sow-icon-ionicons\" data-sow-icon=\"&#xf209;\"\n\t\t \n\t\taria-hidden=\"true\"><\/span>\t\t\t\t\t\t\t<\/div>\n\t\t\t\t\t\t<\/div>\n\t\t\t\t\t<\/div>\n\t\t\t\t<\/div>\n\n\t\t\t<div\n\t\t\t\tclass=\"sow-accordion-panel-content\"\n\t\t\t\trole=\"region\"\n\t\t\t\taria-labelledby=\"accordion-label-deliverable\"\n\t\t\t\tid=\"accordion-content-deliverable\"\n\t\t\t\tstyle=\"display: none;\"\t\t\t>\n\t\t\t\t<div class=\"sow-accordion-panel-border\">\n\t\t\t\t\t<ul>\n<li><a href=\"\/ripi\/previous-projects\/euphoric\/deliverables\/D_011Web_Guideline.pdf\" target=\"_blank\" rel=\"noopener\">Web Guideline.pdf<\/a><\/li>\n<li><a href=\"\/ripi\/previous-projects\/euphoric\/deliverables\/D_01Survey.pdf\" target=\"_blank\" rel=\"noopener\">Survey.pdf<\/a><\/li>\n<li><a href=\"\/ripi\/previous-projects\/euphoric\/deliverables\/D_02Glossary.pdf\" target=\"_blank\" rel=\"noopener\">Glossary.pdf<\/a><\/li>\n<li><a href=\"\/ripi\/previous-projects\/euphoric\/deliverables\/D_03EvaluationPlan.pdf\" target=\"_blank\" rel=\"noopener\">Evaluation Plan.pdf<\/a><\/li>\n<li><a href=\"\/ripi\/previous-projects\/euphoric\/deliverables\/D_04ECHIMIndicators.pdf\" target=\"_blank\" rel=\"noopener\">ECHIM Indicators.pdf<\/a><\/li>\n<li><a href=\"\/ripi\/previous-projects\/euphoric\/deliverables\/D_05DisseminationPlanfinal.pdf\" target=\"_blank\" rel=\"noopener\">Dissemination Plan final.pdf<\/a><\/li>\n<li><a href=\"\/ripi\/previous-projects\/euphoric\/deliverables\/D_06SheetsofOutcomeIndicators.pdf\" target=\"_blank\" rel=\"noopener\">Sheets of Outcome Indicators.pdf<\/a><\/li>\n<li><a href=\"\/ripi\/previous-projects\/euphoric\/deliverables\/D_09.6OrthoPilotEmiliaRomagnaRegisterReport.pdf\" target=\"_blank\" rel=\"noopener\">Ortho Pilot Emilia Romagna Register Report.pdf<\/a><\/li>\n<\/ul>\n\t\t\t\t<\/div>\n\t\t\t<\/div>\n\t\t<\/div>\n\t\t\t<div class=\"sow-accordion-panel\n\t\t\t\t\t\"\n\t\t\t\tdata-anchor-id=\"leaflet\">\n\t\t\t\t\t<div class=\"sow-accordion-panel-header-container\" role=\"heading\" aria-level=\"2\">\n\t\t\t\t\t<div class=\"sow-accordion-panel-header\" tabindex=\"0\" role=\"button\" id=\"accordion-label-leaflet\" aria-controls=\"accordion-content-leaflet\" aria-expanded=\"false\">\n\t\t\t\t\t\t<div class=\"sow-accordion-title sow-accordion-title-icon-left\">\n\t\t\t\t\t\t\t\t\t\t\t\t\t\tLeaflet\t\t\t\t\t\t\t\t\t\t\t\t\t<\/div>\n\t\t\t\t\t\t<div class=\"sow-accordion-open-close-button\">\n\t\t\t\t\t\t\t<div class=\"sow-accordion-open-button\">\n\t\t\t\t\t\t\t\t<span class=\"sow-icon-ionicons\" data-sow-icon=\"&#xf218;\"\n\t\t \n\t\taria-hidden=\"true\"><\/span>\t\t\t\t\t\t\t<\/div>\n\t\t\t\t\t\t\t<div class=\"sow-accordion-close-button\">\n\t\t\t\t\t\t\t\t<span class=\"sow-icon-ionicons\" data-sow-icon=\"&#xf209;\"\n\t\t \n\t\taria-hidden=\"true\"><\/span>\t\t\t\t\t\t\t<\/div>\n\t\t\t\t\t\t<\/div>\n\t\t\t\t\t<\/div>\n\t\t\t\t<\/div>\n\n\t\t\t<div\n\t\t\t\tclass=\"sow-accordion-panel-content\"\n\t\t\t\trole=\"region\"\n\t\t\t\taria-labelledby=\"accordion-label-leaflet\"\n\t\t\t\tid=\"accordion-content-leaflet\"\n\t\t\t\tstyle=\"display: none;\"\t\t\t>\n\t\t\t\t<div class=\"sow-accordion-panel-border\">\n\t\t\t\t\t<ul>\n<li><a href=\"https:\/\/ripi.iss.it\/ripi\/wp-content\/uploads\/2021\/04\/leaflet_bg.pdf\" target=\"_blank\" rel=\"noopener\">Leaflet_BG<\/a><\/li>\n<li><a href=\"https:\/\/ripi.iss.it\/ripi\/wp-content\/uploads\/2021\/04\/leaflet_de.pdf\" target=\"_blank\" rel=\"noopener\">Leaflet_DE<\/a><\/li>\n<li><a href=\"https:\/\/ripi.iss.it\/ripi\/wp-content\/uploads\/2021\/04\/leaflet_el.pdf\" target=\"_blank\" rel=\"noopener\">Leaflet_EL<\/a><\/li>\n<li><a href=\"https:\/\/ripi.iss.it\/ripi\/wp-content\/uploads\/2021\/04\/leaflet_en.pdf\">Leaflet_EN<\/a><\/li>\n<li><a href=\"https:\/\/ripi.iss.it\/ripi\/wp-content\/uploads\/2021\/04\/leaflet_es.pdf\" target=\"_blank\" rel=\"noopener\">Leaflet_ES<\/a><\/li>\n<li><a href=\"https:\/\/ripi.iss.it\/ripi\/wp-content\/uploads\/2021\/04\/leaflet_fi.pdf\" target=\"_blank\" rel=\"noopener\">Leaflet_FI<\/a><\/li>\n<li><a href=\"https:\/\/ripi.iss.it\/ripi\/wp-content\/uploads\/2021\/04\/leaflet_fr.pdf\" target=\"_blank\" rel=\"noopener\">Leaflet_FR<\/a><\/li>\n<li><a href=\"https:\/\/ripi.iss.it\/ripi\/wp-content\/uploads\/2021\/04\/leaflet_it.pdf\" target=\"_blank\" rel=\"noopener\">Leaflet_IT<\/a><\/li>\n<li><a href=\"https:\/\/ripi.iss.it\/ripi\/wp-content\/uploads\/2021\/04\/leaflet_sw.pdf\" target=\"_blank\" rel=\"noopener\">Leaflet_SW<\/a><\/li>\n<\/ul>\n\t\t\t\t<\/div>\n\t\t\t<\/div>\n\t\t<\/div>\n\t\t\t<div class=\"sow-accordion-panel\n\t\t\t\t\t\"\n\t\t\t\tdata-anchor-id=\"brochure\">\n\t\t\t\t\t<div class=\"sow-accordion-panel-header-container\" role=\"heading\" aria-level=\"2\">\n\t\t\t\t\t<div class=\"sow-accordion-panel-header\" tabindex=\"0\" role=\"button\" id=\"accordion-label-brochure\" aria-controls=\"accordion-content-brochure\" aria-expanded=\"false\">\n\t\t\t\t\t\t<div class=\"sow-accordion-title sow-accordion-title-icon-left\">\n\t\t\t\t\t\t\t\t\t\t\t\t\t\tBrochure\t\t\t\t\t\t\t\t\t\t\t\t\t<\/div>\n\t\t\t\t\t\t<div class=\"sow-accordion-open-close-button\">\n\t\t\t\t\t\t\t<div class=\"sow-accordion-open-button\">\n\t\t\t\t\t\t\t\t<span class=\"sow-icon-ionicons\" data-sow-icon=\"&#xf218;\"\n\t\t \n\t\taria-hidden=\"true\"><\/span>\t\t\t\t\t\t\t<\/div>\n\t\t\t\t\t\t\t<div class=\"sow-accordion-close-button\">\n\t\t\t\t\t\t\t\t<span class=\"sow-icon-ionicons\" data-sow-icon=\"&#xf209;\"\n\t\t \n\t\taria-hidden=\"true\"><\/span>\t\t\t\t\t\t\t<\/div>\n\t\t\t\t\t\t<\/div>\n\t\t\t\t\t<\/div>\n\t\t\t\t<\/div>\n\n\t\t\t<div\n\t\t\t\tclass=\"sow-accordion-panel-content\"\n\t\t\t\trole=\"region\"\n\t\t\t\taria-labelledby=\"accordion-label-brochure\"\n\t\t\t\tid=\"accordion-content-brochure\"\n\t\t\t\tstyle=\"display: none;\"\t\t\t>\n\t\t\t\t<div class=\"sow-accordion-panel-border\">\n\t\t\t\t\t<ul>\n<li><a href=\"\/ripi\/previous-projects\/euphoric\/brochure\/brochure_bg.pdf\" target=\"_blank\" rel=\"noopener\">Brochure_BG<\/a><\/li>\n<li><a href=\"\/ripi\/previous-projects\/euphoric\/brochure\/brochure_de.pdf\" target=\"_blank\" rel=\"noopener\">Brochure_DE<\/a><\/li>\n<li><a href=\"\/ripi\/previous-projects\/euphoric\/brochure\/brochure_el.pdf\" target=\"_blank\" rel=\"noopener\">Brochure_EL<\/a><\/li>\n<li><a href=\"\/ripi\/previous-projects\/euphoric\/brochure\/brochure_en.pdf\" target=\"_blank\" rel=\"noopener\">Brochure_EN<\/a><\/li>\n<li><a href=\"\/ripi\/previous-projects\/euphoric\/brochure\/brochure_es.pdf\" target=\"_blank\" rel=\"noopener\">Brochure_ES<\/a><\/li>\n<li><a href=\"\/ripi\/previous-projects\/euphoric\/brochure\/brochure_fi.pdf\" target=\"_blank\" rel=\"noopener\">Brochure_FI<\/a><\/li>\n<li><a href=\"\/ripi\/previous-projects\/euphoric\/brochure\/brochure_fr.pdf\" target=\"_blank\" rel=\"noopener\">Brochure_FR<\/a><\/li>\n<li><a href=\"\/ripi\/previous-projects\/euphoric\/brochure\/brochure_he.pdf\" target=\"_blank\" rel=\"noopener\">Brochure_HE<\/a><\/li>\n<li><a href=\"\/ripi\/previous-projects\/euphoric\/brochure\/brochure_it.pdf\" target=\"_blank\" rel=\"noopener\">Brochure_IT<\/a><\/li>\n<li><a href=\"\/ripi\/previous-projects\/euphoric\/brochure\/brochure_sl.pdf\" target=\"_blank\" rel=\"noopener\">Brochure_SL<\/a><\/li>\n<li><a href=\"\/ripi\/previous-projects\/euphoric\/brochure\/brochure_sw.pdf\" target=\"_blank\" rel=\"noopener\">brochure_SW<\/a><\/li>\n<\/ul>\n\t\t\t\t<\/div>\n\t\t\t<\/div>\n\t\t<\/div>\n\t\t<\/div>\n<\/div>\n<\/div><\/div><div id=\"panel-3002-0-0-2\" class=\"so-panel widget widget_sow-video panel-last-child\" data-index=\"2\" ><div\n\t\t\t\n\t\t\tclass=\"so-widget-sow-video so-widget-sow-video-default-f379b959fc93-3002\"\n\t\t\t\n\t\t><h3 class=\"widget-title\">Video<\/h3>\n<div class=\"sow-video-wrapper\n\">\n\t\t\t<video\n\t\t\tid=\"sow-player-1\" class=\"sow-video-widget\" preload=\"auto\" style=\"width:100%;height:100%;\" poster=\"https:\/\/ripi.iss.it\/ripi\/wp-content\/uploads\/2021\/04\/EUPHORIC-video-bg-black.png\" controls \t\t>\n\t\t\t\t\t\t\t<source type=\"video\/mp4\" src=\"https:\/\/ripi.iss.it\/ripi\/previous-projects\/euphoric\/video\/euphoric_2.mp4\"\/>\n\t\t\t\t\t<\/video>\n\t<\/div>\n<\/div><\/div><\/div><\/div><\/div>","protected":false},"excerpt":{"rendered":"<p>Il Progetto EUPHORIC (EUropean Public Health Outcome Research and Indicators Collection) \u00e8 stato un progetto finanziato dalla Commissione Europea (DG SANCO) nell\u2019ambito del Programma di &#8230; <\/p>\n","protected":false},"author":1,"featured_media":0,"parent":2999,"menu_order":0,"comment_status":"closed","ping_status":"closed","template":"","meta":{"_acf_changed":false,"footnotes":""},"class_list":["post-3002","page","type-page","status-publish","hentry"],"acf":[],"yoast_head":"<!-- This site is optimized with the Yoast SEO plugin v27.3 - https:\/\/yoast.com\/product\/yoast-seo-wordpress\/ -->\r\n<title>Euphoric | RIPI<\/title>\r\n<meta name=\"robots\" content=\"index, follow, max-snippet:-1, max-image-preview:large, max-video-preview:-1\" \/>\r\n<link rel=\"canonical\" href=\"https:\/\/ripi.iss.it\/ripi\/it\/il-progetto\/progetti-precedenti\/euphoric\/\" \/>\r\n<meta property=\"og:locale\" content=\"it_IT\" \/>\r\n<meta property=\"og:type\" content=\"article\" \/>\r\n<meta property=\"og:title\" content=\"Euphoric | RIPI\" \/>\r\n<meta property=\"og:description\" content=\"Il Progetto EUPHORIC (EUropean Public Health Outcome Research and Indicators Collection) \u00e8 stato un progetto finanziato dalla Commissione Europea (DG SANCO) nell\u2019ambito del Programma di ...\" \/>\r\n<meta property=\"og:url\" content=\"https:\/\/ripi.iss.it\/ripi\/it\/il-progetto\/progetti-precedenti\/euphoric\/\" \/>\r\n<meta property=\"og:site_name\" content=\"RIPI\" \/>\r\n<meta property=\"article:modified_time\" content=\"2021-04-30T14:28:07+00:00\" \/>\r\n<meta property=\"og:image\" content=\"https:\/\/ripi.iss.it\/ripi\/previous-projects\/euphoric\/Att-3-EUPHORIC-Logo.jpg\" \/>\r\n<meta name=\"twitter:card\" content=\"summary_large_image\" \/>\r\n<script type=\"application\/ld+json\" class=\"yoast-schema-graph\">{\"@context\":\"https:\\\/\\\/schema.org\",\"@graph\":[{\"@type\":\"WebPage\",\"@id\":\"https:\\\/\\\/ripi.iss.it\\\/ripi\\\/it\\\/il-progetto\\\/progetti-precedenti\\\/euphoric\\\/\",\"url\":\"https:\\\/\\\/ripi.iss.it\\\/ripi\\\/it\\\/il-progetto\\\/progetti-precedenti\\\/euphoric\\\/\",\"name\":\"Euphoric | RIPI\",\"isPartOf\":{\"@id\":\"https:\\\/\\\/ripi.iss.it\\\/ripi\\\/#website\"},\"datePublished\":\"2021-04-19T08:54:27+00:00\",\"dateModified\":\"2021-04-30T14:28:07+00:00\",\"breadcrumb\":{\"@id\":\"https:\\\/\\\/ripi.iss.it\\\/ripi\\\/it\\\/il-progetto\\\/progetti-precedenti\\\/euphoric\\\/#breadcrumb\"},\"inLanguage\":\"it-IT\",\"potentialAction\":[{\"@type\":\"ReadAction\",\"target\":[\"https:\\\/\\\/ripi.iss.it\\\/ripi\\\/it\\\/il-progetto\\\/progetti-precedenti\\\/euphoric\\\/\"]}]},{\"@type\":\"BreadcrumbList\",\"@id\":\"https:\\\/\\\/ripi.iss.it\\\/ripi\\\/it\\\/il-progetto\\\/progetti-precedenti\\\/euphoric\\\/#breadcrumb\",\"itemListElement\":[{\"@type\":\"ListItem\",\"position\":1,\"name\":\"Home\",\"item\":\"https:\\\/\\\/ripi.iss.it\\\/ripi\\\/it\\\/\"},{\"@type\":\"ListItem\",\"position\":2,\"name\":\"Il progetto\",\"item\":\"https:\\\/\\\/ripi.iss.it\\\/ripi\\\/it\\\/il-progetto\\\/\"},{\"@type\":\"ListItem\",\"position\":3,\"name\":\"Progetti precedenti\",\"item\":\"https:\\\/\\\/ripi.iss.it\\\/ripi\\\/it\\\/il-progetto\\\/progetti-precedenti\\\/\"},{\"@type\":\"ListItem\",\"position\":4,\"name\":\"Euphoric\"}]},{\"@type\":\"WebSite\",\"@id\":\"https:\\\/\\\/ripi.iss.it\\\/ripi\\\/#website\",\"url\":\"https:\\\/\\\/ripi.iss.it\\\/ripi\\\/\",\"name\":\"RIPI\",\"description\":\"Registro Italiano delle Protesi Impiantabili\",\"publisher\":{\"@id\":\"https:\\\/\\\/ripi.iss.it\\\/ripi\\\/#organization\"},\"potentialAction\":[{\"@type\":\"SearchAction\",\"target\":{\"@type\":\"EntryPoint\",\"urlTemplate\":\"https:\\\/\\\/ripi.iss.it\\\/ripi\\\/?s={search_term_string}\"},\"query-input\":{\"@type\":\"PropertyValueSpecification\",\"valueRequired\":true,\"valueName\":\"search_term_string\"}}],\"inLanguage\":\"it-IT\"},{\"@type\":\"Organization\",\"@id\":\"https:\\\/\\\/ripi.iss.it\\\/ripi\\\/#organization\",\"name\":\"RIPI | Registro italiano delle protesi impiantabili\",\"url\":\"https:\\\/\\\/ripi.iss.it\\\/ripi\\\/\",\"logo\":{\"@type\":\"ImageObject\",\"inLanguage\":\"it-IT\",\"@id\":\"https:\\\/\\\/ripi.iss.it\\\/ripi\\\/#\\\/schema\\\/logo\\\/image\\\/\",\"url\":\"https:\\\/\\\/ripi.iss.it\\\/ripi\\\/wp-content\\\/uploads\\\/2019\\\/12\\\/logo_ripi_retina.png\",\"contentUrl\":\"https:\\\/\\\/ripi.iss.it\\\/ripi\\\/wp-content\\\/uploads\\\/2019\\\/12\\\/logo_ripi_retina.png\",\"width\":587,\"height\":258,\"caption\":\"RIPI | Registro italiano delle protesi impiantabili\"},\"image\":{\"@id\":\"https:\\\/\\\/ripi.iss.it\\\/ripi\\\/#\\\/schema\\\/logo\\\/image\\\/\"}}]}<\/script>\r\n<!-- \/ Yoast SEO plugin. -->","yoast_head_json":{"title":"Euphoric | RIPI","robots":{"index":"index","follow":"follow","max-snippet":"max-snippet:-1","max-image-preview":"max-image-preview:large","max-video-preview":"max-video-preview:-1"},"canonical":"https:\/\/ripi.iss.it\/ripi\/it\/il-progetto\/progetti-precedenti\/euphoric\/","og_locale":"it_IT","og_type":"article","og_title":"Euphoric | RIPI","og_description":"Il Progetto EUPHORIC (EUropean Public Health Outcome Research and Indicators Collection) \u00e8 stato un progetto finanziato dalla Commissione Europea (DG SANCO) nell\u2019ambito del Programma di ...","og_url":"https:\/\/ripi.iss.it\/ripi\/it\/il-progetto\/progetti-precedenti\/euphoric\/","og_site_name":"RIPI","article_modified_time":"2021-04-30T14:28:07+00:00","og_image":[{"url":"https:\/\/ripi.iss.it\/ripi\/previous-projects\/euphoric\/Att-3-EUPHORIC-Logo.jpg","type":"","width":"","height":""}],"twitter_card":"summary_large_image","schema":{"@context":"https:\/\/schema.org","@graph":[{"@type":"WebPage","@id":"https:\/\/ripi.iss.it\/ripi\/it\/il-progetto\/progetti-precedenti\/euphoric\/","url":"https:\/\/ripi.iss.it\/ripi\/it\/il-progetto\/progetti-precedenti\/euphoric\/","name":"Euphoric | RIPI","isPartOf":{"@id":"https:\/\/ripi.iss.it\/ripi\/#website"},"datePublished":"2021-04-19T08:54:27+00:00","dateModified":"2021-04-30T14:28:07+00:00","breadcrumb":{"@id":"https:\/\/ripi.iss.it\/ripi\/it\/il-progetto\/progetti-precedenti\/euphoric\/#breadcrumb"},"inLanguage":"it-IT","potentialAction":[{"@type":"ReadAction","target":["https:\/\/ripi.iss.it\/ripi\/it\/il-progetto\/progetti-precedenti\/euphoric\/"]}]},{"@type":"BreadcrumbList","@id":"https:\/\/ripi.iss.it\/ripi\/it\/il-progetto\/progetti-precedenti\/euphoric\/#breadcrumb","itemListElement":[{"@type":"ListItem","position":1,"name":"Home","item":"https:\/\/ripi.iss.it\/ripi\/it\/"},{"@type":"ListItem","position":2,"name":"Il progetto","item":"https:\/\/ripi.iss.it\/ripi\/it\/il-progetto\/"},{"@type":"ListItem","position":3,"name":"Progetti precedenti","item":"https:\/\/ripi.iss.it\/ripi\/it\/il-progetto\/progetti-precedenti\/"},{"@type":"ListItem","position":4,"name":"Euphoric"}]},{"@type":"WebSite","@id":"https:\/\/ripi.iss.it\/ripi\/#website","url":"https:\/\/ripi.iss.it\/ripi\/","name":"RIPI","description":"Registro Italiano delle Protesi Impiantabili","publisher":{"@id":"https:\/\/ripi.iss.it\/ripi\/#organization"},"potentialAction":[{"@type":"SearchAction","target":{"@type":"EntryPoint","urlTemplate":"https:\/\/ripi.iss.it\/ripi\/?s={search_term_string}"},"query-input":{"@type":"PropertyValueSpecification","valueRequired":true,"valueName":"search_term_string"}}],"inLanguage":"it-IT"},{"@type":"Organization","@id":"https:\/\/ripi.iss.it\/ripi\/#organization","name":"RIPI | Registro italiano delle protesi impiantabili","url":"https:\/\/ripi.iss.it\/ripi\/","logo":{"@type":"ImageObject","inLanguage":"it-IT","@id":"https:\/\/ripi.iss.it\/ripi\/#\/schema\/logo\/image\/","url":"https:\/\/ripi.iss.it\/ripi\/wp-content\/uploads\/2019\/12\/logo_ripi_retina.png","contentUrl":"https:\/\/ripi.iss.it\/ripi\/wp-content\/uploads\/2019\/12\/logo_ripi_retina.png","width":587,"height":258,"caption":"RIPI | Registro italiano delle protesi impiantabili"},"image":{"@id":"https:\/\/ripi.iss.it\/ripi\/#\/schema\/logo\/image\/"}}]}},"_links":{"self":[{"href":"https:\/\/ripi.iss.it\/ripi\/wp-json\/wp\/v2\/pages\/3002","targetHints":{"allow":["GET"]}}],"collection":[{"href":"https:\/\/ripi.iss.it\/ripi\/wp-json\/wp\/v2\/pages"}],"about":[{"href":"https:\/\/ripi.iss.it\/ripi\/wp-json\/wp\/v2\/types\/page"}],"author":[{"embeddable":true,"href":"https:\/\/ripi.iss.it\/ripi\/wp-json\/wp\/v2\/users\/1"}],"replies":[{"embeddable":true,"href":"https:\/\/ripi.iss.it\/ripi\/wp-json\/wp\/v2\/comments?post=3002"}],"version-history":[{"count":0,"href":"https:\/\/ripi.iss.it\/ripi\/wp-json\/wp\/v2\/pages\/3002\/revisions"}],"up":[{"embeddable":true,"href":"https:\/\/ripi.iss.it\/ripi\/wp-json\/wp\/v2\/pages\/2999"}],"wp:attachment":[{"href":"https:\/\/ripi.iss.it\/ripi\/wp-json\/wp\/v2\/media?parent=3002"}],"curies":[{"name":"wp","href":"https:\/\/api.w.org\/{rel}","templated":true}]}}