{"id":2620,"date":"2019-12-11T16:34:30","date_gmt":"2019-12-11T15:34:30","guid":{"rendered":"https:\/\/ripi.iss.it\/ripi\/?page_id=2620"},"modified":"2024-04-09T11:48:40","modified_gmt":"2024-04-09T09:48:40","slug":"studi-ripi","status":"publish","type":"page","link":"https:\/\/ripi.iss.it\/ripi\/it\/il-progetto\/studi-ripi\/","title":{"rendered":"Studi RIPI"},"content":{"rendered":"<div id=\"pl-2620\"  class=\"panel-layout\" ><div id=\"pg-2620-0\"  class=\"panel-grid panel-no-style\" ><div id=\"pgc-2620-0-0\"  class=\"panel-grid-cell\" ><div id=\"panel-2620-0-0-0\" class=\"so-panel widget widget_sow-editor panel-first-child\" data-index=\"0\" ><div\n\t\t\t\n\t\t\tclass=\"so-widget-sow-editor so-widget-sow-editor-base\"\n\t\t\t\n\t\t>\n<div class=\"siteorigin-widget-tinymce textwidget\">\n\t<p>Si riporta di seguito la lista degli accordi stipulati con il Ministero della Salute dal 2019.<\/p>\n<\/div>\n<\/div><\/div><div id=\"panel-2620-0-0-1\" class=\"so-panel widget widget_sow-accordion panel-last-child\" data-index=\"1\" ><div\n\t\t\t\n\t\t\tclass=\"so-widget-sow-accordion so-widget-sow-accordion-default-6c8122b4fce9-2620\"\n\t\t\t\n\t\t><div>\n\t<div class=\"sow-accordion\">\n\t\t\t<div class=\"sow-accordion-panel\n\t\t\t\t\"\n\t\t\tdata-anchor-id=\"registro-nazionale-delle-protesi-impiantabili-ripi-mantenimento-e-aggiornamento-dei-registri-specifici-gia-inclusi-rafforzamento-delle-collaborazioni-nazionali-e-internazionali-e-definizione-delle\">\n\t\t\t\t<div class=\"sow-accordion-panel-header-container\" role=\"heading\" aria-level=\"2\">\n\t\t\t\t\t<div class=\"sow-accordion-panel-header\" tabindex=\"0\" role=\"button\" id=\"accordion-label-registro-nazionale-delle-protesi-impiantabili-ripi-mantenimento-e-aggiornamento-dei-registri-specifici-gi%c3%a0-inclusi-rafforzamento-delle-collaborazioni-nazionali-e-internazionali-e-definizione\" aria-controls=\"accordion-content-registro-nazionale-delle-protesi-impiantabili-ripi-mantenimento-e-aggiornamento-dei-registri-specifici-gi%c3%a0-inclusi-rafforzamento-delle-collaborazioni-nazionali-e-internazionali-e-definizione\" aria-expanded=\"false\">\n\t\t\t\t\t\t<div class=\"sow-accordion-title sow-accordion-title-icon-left\">\n\t\t\t\t\t\t\t\t\t\t\t\t\t\tRegistro nazionale delle protesi impiantabili (RIPI): mantenimento e aggiornamento dei registri specifici gi\u00e0 inclusi, rafforzamento delle collaborazioni nazionali e internazionali e definizione delle metodologie per confrontare i dati di registro con altre fonti di dati disponibili presso il Ministero della salute\t\t\t\t\t\t\t\t\t\t\t\t\t<\/div>\n\t\t\t\t\t\t<div class=\"sow-accordion-open-close-button\">\n\t\t\t\t\t\t\t<div class=\"sow-accordion-open-button\">\n\t\t\t\t\t\t\t\t<span class=\"sow-icon-ionicons\" data-sow-icon=\"&#xf218;\"\n\t\t \n\t\taria-hidden=\"true\"><\/span>\t\t\t\t\t\t\t<\/div>\n\t\t\t\t\t\t\t<div class=\"sow-accordion-close-button\">\n\t\t\t\t\t\t\t\t<span class=\"sow-icon-ionicons\" data-sow-icon=\"&#xf209;\"\n\t\t \n\t\taria-hidden=\"true\"><\/span>\t\t\t\t\t\t\t<\/div>\n\t\t\t\t\t\t<\/div>\n\t\t\t\t\t<\/div>\n\t\t\t\t<\/div>\n\n\t\t\t<div\n\t\t\t\tclass=\"sow-accordion-panel-content\"\n\t\t\t\trole=\"region\"\n\t\t\t\taria-labelledby=\"accordion-label-registro-nazionale-delle-protesi-impiantabili-ripi-mantenimento-e-aggiornamento-dei-registri-specifici-gi%c3%a0-inclusi-rafforzamento-delle-collaborazioni-nazionali-e-internazionali-e-definizione\"\n\t\t\t\tid=\"accordion-content-registro-nazionale-delle-protesi-impiantabili-ripi-mantenimento-e-aggiornamento-dei-registri-specifici-gi%c3%a0-inclusi-rafforzamento-delle-collaborazioni-nazionali-e-internazionali-e-definizione\"\n\t\t\t\tstyle=\"display: none;\"\t\t\t>\n\t\t\t\t<div class=\"sow-accordion-panel-border\">\n\t\t\t\t\t<p><strong>Obiettivo principale:\u00a0<\/strong><\/p>\n<p>Promuovere l\u2019implementazione del Registro nazionale delle Protesi Impiantabili (RIPI) e le sue interazioni con altri flussi informativi sanitari<\/p>\n<p><strong>Obiettivi specifici:\u00a0<\/strong><\/p>\n<p>a) Mantenere, aggiornare e promuovere nel contesto nazionale e internazionale la rete di raccolta dati del RIAP<\/p>\n<p>b) Promuovere nel contesto nazionale e internazionale i registri inclusi nel RIPI<\/p>\n<p>c) Definire e perfezionare le basi metodologiche per l\u2019implementazione dei registri inclusi nel RIPI<\/p>\n<p>d) Divulgare i risultati prodotti dai registri afferenti al RIPI e formare gli operatori sanitari.<\/p>\n<p>&nbsp;<\/p>\n<p><strong>Durata<\/strong><\/p>\n<p>24\/11\/2023 - 23\/11\/2025<\/p>\n<p>&nbsp;<\/p>\n\t\t\t\t<\/div>\n\t\t\t<\/div>\n\t\t<\/div>\n\t\t\t<div class=\"sow-accordion-panel\n\t\t\t\t\"\n\t\t\tdata-anchor-id=\"registro-italiano-protesi-impiantabili-ripi-realizzazione-di-una-piattaforma-che-integri-i-flussi-dati-per-protesi-ortopediche-dispositivi-spinali-pacemaker-e-defibrillatori-valvole-cardiache\">\n\t\t\t\t<div class=\"sow-accordion-panel-header-container\" role=\"heading\" aria-level=\"2\">\n\t\t\t\t\t<div class=\"sow-accordion-panel-header\" tabindex=\"0\" role=\"button\" id=\"accordion-label-registro-italiano-protesi-impiantabili-ripi-realizzazione-di-una-piattaforma-che-integri-i-flussi-dati-per-protesi-ortopediche-dispositivi-spinali-pacemaker-e-defibrillatori-valvole-cardiache\" aria-controls=\"accordion-content-registro-italiano-protesi-impiantabili-ripi-realizzazione-di-una-piattaforma-che-integri-i-flussi-dati-per-protesi-ortopediche-dispositivi-spinali-pacemaker-e-defibrillatori-valvole-cardiache\" aria-expanded=\"false\">\n\t\t\t\t\t\t<div class=\"sow-accordion-title sow-accordion-title-icon-left\">\n\t\t\t\t\t\t\t\t\t\t\t\t\t\tRegistro Italiano Protesi Impiantabili (RIPI): realizzazione di una piattaforma che integri i flussi dati per protesi ortopediche, dispositivi spinali, pacemaker e defibrillatori, valvole cardiache\t\t\t\t\t\t\t\t\t\t\t\t\t<\/div>\n\t\t\t\t\t\t<div class=\"sow-accordion-open-close-button\">\n\t\t\t\t\t\t\t<div class=\"sow-accordion-open-button\">\n\t\t\t\t\t\t\t\t<span class=\"sow-icon-ionicons\" data-sow-icon=\"&#xf218;\"\n\t\t \n\t\taria-hidden=\"true\"><\/span>\t\t\t\t\t\t\t<\/div>\n\t\t\t\t\t\t\t<div class=\"sow-accordion-close-button\">\n\t\t\t\t\t\t\t\t<span class=\"sow-icon-ionicons\" data-sow-icon=\"&#xf209;\"\n\t\t \n\t\taria-hidden=\"true\"><\/span>\t\t\t\t\t\t\t<\/div>\n\t\t\t\t\t\t<\/div>\n\t\t\t\t\t<\/div>\n\t\t\t\t<\/div>\n\n\t\t\t<div\n\t\t\t\tclass=\"sow-accordion-panel-content\"\n\t\t\t\trole=\"region\"\n\t\t\t\taria-labelledby=\"accordion-label-registro-italiano-protesi-impiantabili-ripi-realizzazione-di-una-piattaforma-che-integri-i-flussi-dati-per-protesi-ortopediche-dispositivi-spinali-pacemaker-e-defibrillatori-valvole-cardiache\"\n\t\t\t\tid=\"accordion-content-registro-italiano-protesi-impiantabili-ripi-realizzazione-di-una-piattaforma-che-integri-i-flussi-dati-per-protesi-ortopediche-dispositivi-spinali-pacemaker-e-defibrillatori-valvole-cardiache\"\n\t\t\t\tstyle=\"display: none;\"\t\t\t>\n\t\t\t\t<div class=\"sow-accordion-panel-border\">\n\t\t\t\t\t<p><strong>Obiettivo principale:<\/strong><\/p>\n<p>Realizzare una piattaforma che integri i flussi informativi di diversi registri secondo uno standard condiviso.<\/p>\n<p><strong>Obiettivi specifici:<\/strong><\/p>\n<p>Standardizzazione del modello di flusso<\/p>\n<p>Definizione delle caratteristiche tecniche della piattaforma<\/p>\n<p>Implementazione della piattaforma<\/p>\n<p>Divulgazione dei risultati<\/p>\n<p><strong>Durata<\/strong><\/p>\n<p>03\/12\/2019-30\/09\/2023<\/p>\n<p>&nbsp;<\/p>\n\t\t\t\t<\/div>\n\t\t\t<\/div>\n\t\t<\/div>\n\t\t\t<div class=\"sow-accordion-panel\n\t\t\t\t\"\n\t\t\tdata-anchor-id=\"informazione-per-gli-operatori-sanitari-sul-ruolo-dei-registri-di-protesi-impiantabili-a-tutela-della-sicurezza-dei-pazienti\">\n\t\t\t\t<div class=\"sow-accordion-panel-header-container\" role=\"heading\" aria-level=\"2\">\n\t\t\t\t\t<div class=\"sow-accordion-panel-header\" tabindex=\"0\" role=\"button\" id=\"accordion-label-informazione-per-gli-operatori-sanitari-sul-ruolo-dei-registri-di-protesi-impiantabili-a-tutela-della-sicurezza-dei-pazienti\" aria-controls=\"accordion-content-informazione-per-gli-operatori-sanitari-sul-ruolo-dei-registri-di-protesi-impiantabili-a-tutela-della-sicurezza-dei-pazienti\" aria-expanded=\"false\">\n\t\t\t\t\t\t<div class=\"sow-accordion-title sow-accordion-title-icon-left\">\n\t\t\t\t\t\t\t\t\t\t\t\t\t\tInformazione per gli operatori sanitari sul ruolo dei Registri di protesi impiantabili a tutela della sicurezza dei pazienti\t\t\t\t\t\t\t\t\t\t\t\t\t<\/div>\n\t\t\t\t\t\t<div class=\"sow-accordion-open-close-button\">\n\t\t\t\t\t\t\t<div class=\"sow-accordion-open-button\">\n\t\t\t\t\t\t\t\t<span class=\"sow-icon-ionicons\" data-sow-icon=\"&#xf218;\"\n\t\t \n\t\taria-hidden=\"true\"><\/span>\t\t\t\t\t\t\t<\/div>\n\t\t\t\t\t\t\t<div class=\"sow-accordion-close-button\">\n\t\t\t\t\t\t\t\t<span class=\"sow-icon-ionicons\" data-sow-icon=\"&#xf209;\"\n\t\t \n\t\taria-hidden=\"true\"><\/span>\t\t\t\t\t\t\t<\/div>\n\t\t\t\t\t\t<\/div>\n\t\t\t\t\t<\/div>\n\t\t\t\t<\/div>\n\n\t\t\t<div\n\t\t\t\tclass=\"sow-accordion-panel-content\"\n\t\t\t\trole=\"region\"\n\t\t\t\taria-labelledby=\"accordion-label-informazione-per-gli-operatori-sanitari-sul-ruolo-dei-registri-di-protesi-impiantabili-a-tutela-della-sicurezza-dei-pazienti\"\n\t\t\t\tid=\"accordion-content-informazione-per-gli-operatori-sanitari-sul-ruolo-dei-registri-di-protesi-impiantabili-a-tutela-della-sicurezza-dei-pazienti\"\n\t\t\t\tstyle=\"display: none;\"\t\t\t>\n\t\t\t\t<div class=\"sow-accordion-panel-border\">\n\t\t\t\t\t<p><strong>Obiettivo principale:<\/strong><\/p>\n<p>Informare operatori sanitari, decisori locali, societ\u00e0 scientifiche dei settori pertinenti, fabbricanti e pazienti, sulle finalit\u00e0 dei Registri, sulle attivit\u00e0 svolte e sui dati raccolti, con modalit\u00e0 adeguata alle diverse tipologie di destinatari<\/p>\n<p><strong>Obiettivi specifici:<\/strong><\/p>\n<p>Produzione di materiale divulgativo anche attraverso l\u2019utilizzo del sito web \u201cRegistro protesi impiantabili\u201d<\/p>\n<p>Realizzazione di eventi informativi specifici, destinati a tutti gli attori coinvolti nell\u2019implementazione e nella fruizione dei registri dei dispositivi impiantabili<\/p>\n<p><strong>Durata:<\/strong><\/p>\n<p>18\/02\/2019-17\/08\/2020<\/p>\n\t\t\t\t<\/div>\n\t\t\t<\/div>\n\t\t<\/div>\n\t\t\t<div class=\"sow-accordion-panel\n\t\t\t\t\"\n\t\t\tdata-anchor-id=\"organizzazione-e-avvio-dellimplementazione-del-registro-protesi-impiantabili\">\n\t\t\t\t<div class=\"sow-accordion-panel-header-container\" role=\"heading\" aria-level=\"2\">\n\t\t\t\t\t<div class=\"sow-accordion-panel-header\" tabindex=\"0\" role=\"button\" id=\"accordion-label-organizzazione-e-avvio-dell%e2%80%99implementazione-del-registro-protesi-impiantabili\" aria-controls=\"accordion-content-organizzazione-e-avvio-dell%e2%80%99implementazione-del-registro-protesi-impiantabili\" aria-expanded=\"false\">\n\t\t\t\t\t\t<div class=\"sow-accordion-title sow-accordion-title-icon-left\">\n\t\t\t\t\t\t\t\t\t\t\t\t\t\tOrganizzazione e avvio dell\u2019implementazione del Registro protesi impiantabili\t\t\t\t\t\t\t\t\t\t\t\t\t<\/div>\n\t\t\t\t\t\t<div class=\"sow-accordion-open-close-button\">\n\t\t\t\t\t\t\t<div class=\"sow-accordion-open-button\">\n\t\t\t\t\t\t\t\t<span class=\"sow-icon-ionicons\" data-sow-icon=\"&#xf218;\"\n\t\t \n\t\taria-hidden=\"true\"><\/span>\t\t\t\t\t\t\t<\/div>\n\t\t\t\t\t\t\t<div class=\"sow-accordion-close-button\">\n\t\t\t\t\t\t\t\t<span class=\"sow-icon-ionicons\" data-sow-icon=\"&#xf209;\"\n\t\t \n\t\taria-hidden=\"true\"><\/span>\t\t\t\t\t\t\t<\/div>\n\t\t\t\t\t\t<\/div>\n\t\t\t\t\t<\/div>\n\t\t\t\t<\/div>\n\n\t\t\t<div\n\t\t\t\tclass=\"sow-accordion-panel-content\"\n\t\t\t\trole=\"region\"\n\t\t\t\taria-labelledby=\"accordion-label-organizzazione-e-avvio-dell%e2%80%99implementazione-del-registro-protesi-impiantabili\"\n\t\t\t\tid=\"accordion-content-organizzazione-e-avvio-dell%e2%80%99implementazione-del-registro-protesi-impiantabili\"\n\t\t\t\tstyle=\"display: none;\"\t\t\t>\n\t\t\t\t<div class=\"sow-accordion-panel-border\">\n\t\t\t\t\t<p><strong>Obiettivo principale:<\/strong><\/p>\n<p>Avviare il Registro protesi impiantabili come sistema organizzato di registri di specifici dispositivi<\/p>\n<p><strong>Obiettivi specifici:<\/strong><\/p>\n<p>Creazione della infrastruttura di coordinamento e di management del registro, acquisizione del personale necessario al loro svolgimento<\/p>\n<p>Produzione del Regolamento di cui all\u2019Art. 6 del DPCM 3\/3\/2017<\/p>\n<p>Divulgazione dei risultati<\/p>\n<p><strong>Durata<\/strong><\/p>\n<p>18\/02\/2019-17\/02\/2021<\/p>\n\t\t\t\t<\/div>\n\t\t\t<\/div>\n\t\t<\/div>\n\t\t\t<div class=\"sow-accordion-panel\n\t\t\t\t\"\n\t\t\tdata-anchor-id=\"registro-protesi-impiantabili-consolidamento-attivita-su-protesi-ortopediche-e-studio-esplorativo-su-dispositivi-impiantabili-per-chirurgia-spinale\">\n\t\t\t\t<div class=\"sow-accordion-panel-header-container\" role=\"heading\" aria-level=\"2\">\n\t\t\t\t\t<div class=\"sow-accordion-panel-header\" tabindex=\"0\" role=\"button\" id=\"accordion-label-registro-protesi-impiantabili-consolidamento-attivit%c3%a0-su-protesi-ortopediche-e-studio-esplorativo-su-dispositivi-impiantabili-per-chirurgia-spinale\" aria-controls=\"accordion-content-registro-protesi-impiantabili-consolidamento-attivit%c3%a0-su-protesi-ortopediche-e-studio-esplorativo-su-dispositivi-impiantabili-per-chirurgia-spinale\" aria-expanded=\"false\">\n\t\t\t\t\t\t<div class=\"sow-accordion-title sow-accordion-title-icon-left\">\n\t\t\t\t\t\t\t\t\t\t\t\t\t\tRegistro protesi impiantabili: consolidamento attivit\u00e0 su protesi ortopediche e studio esplorativo su dispositivi impiantabili per chirurgia spinale\t\t\t\t\t\t\t\t\t\t\t\t\t<\/div>\n\t\t\t\t\t\t<div class=\"sow-accordion-open-close-button\">\n\t\t\t\t\t\t\t<div class=\"sow-accordion-open-button\">\n\t\t\t\t\t\t\t\t<span class=\"sow-icon-ionicons\" data-sow-icon=\"&#xf218;\"\n\t\t \n\t\taria-hidden=\"true\"><\/span>\t\t\t\t\t\t\t<\/div>\n\t\t\t\t\t\t\t<div class=\"sow-accordion-close-button\">\n\t\t\t\t\t\t\t\t<span class=\"sow-icon-ionicons\" data-sow-icon=\"&#xf209;\"\n\t\t \n\t\taria-hidden=\"true\"><\/span>\t\t\t\t\t\t\t<\/div>\n\t\t\t\t\t\t<\/div>\n\t\t\t\t\t<\/div>\n\t\t\t\t<\/div>\n\n\t\t\t<div\n\t\t\t\tclass=\"sow-accordion-panel-content\"\n\t\t\t\trole=\"region\"\n\t\t\t\taria-labelledby=\"accordion-label-registro-protesi-impiantabili-consolidamento-attivit%c3%a0-su-protesi-ortopediche-e-studio-esplorativo-su-dispositivi-impiantabili-per-chirurgia-spinale\"\n\t\t\t\tid=\"accordion-content-registro-protesi-impiantabili-consolidamento-attivit%c3%a0-su-protesi-ortopediche-e-studio-esplorativo-su-dispositivi-impiantabili-per-chirurgia-spinale\"\n\t\t\t\tstyle=\"display: none;\"\t\t\t>\n\t\t\t\t<div class=\"sow-accordion-panel-border\">\n\t\t\t\t\t<p><strong>Obiettivo principale:<\/strong><\/p>\n<p>Potenziare l\u2019infrastruttura informatica a supporto delle attivit\u00e0 di raccolta dati delle istituzioni partecipanti al Registro Italiano ArtroProtesi (RIAP) e favorire l\u2019arruolamento di nuove istituzioni. Effettuare uno studio esplorativo propedeutico all\u2019avvio dell\u2019attivit\u00e0 di registrazione dei dispositivi impiantabili per chirurgia spinale<\/p>\n<p><strong>Obiettivi specifici:<\/strong><\/p>\n<p>Potenziamento dell\u2019intera infrastruttura informatica del RIAP includendo procedure che rendano automatici i controlli di qualit\u00e0 sui dati e restituiscano ai partecipanti un ritorno informativo tempestivo<\/p>\n<p>Proseguimento e rafforzamento dell\u2019attivit\u00e0 di raccolta dati nelle istituzioni partecipanti al RIAP. Arruolamento di nuovi regioni e nomina di un referente nel Tavolo tecnico RIAP; formalizzazione della collaborazione; selezione delle strutture partecipanti alla raccolta dati e formazione degli operatori<\/p>\n<p>Dispositivi impiantabili per chirurgia spinale: effettuare una mappatura dell\u2019attivit\u00e0 di implantologia di tali dispositivi. Organizzare un tavolo tecnico per definire le variabili cliniche integrative alla SDO utili per la raccolta dati del registro e per la sua eventuale inclusione nella piattaforma gi\u00e0 realizzata per il RIAP<\/p>\n<p><strong>Durata<\/strong><\/p>\n<p>18\/02\/2019-17\/02\/2021<\/p>\n\t\t\t\t<\/div>\n\t\t\t<\/div>\n\t\t<\/div>\n\t\t\t<div class=\"sow-accordion-panel\n\t\t\t\t\"\n\t\t\tdata-anchor-id=\"registro-protesi-impiantabili-definizione-del-dataflow-per-pacemaker-e-defibrillatori-studio-esplorativo-su-valvole-cardiache\">\n\t\t\t\t<div class=\"sow-accordion-panel-header-container\" role=\"heading\" aria-level=\"2\">\n\t\t\t\t\t<div class=\"sow-accordion-panel-header\" tabindex=\"0\" role=\"button\" id=\"accordion-label-registro-protesi-impiantabili-definizione-del-dataflow-per-pacemaker-e-defibrillatori-studio-esplorativo-su-valvole-cardiache\" aria-controls=\"accordion-content-registro-protesi-impiantabili-definizione-del-dataflow-per-pacemaker-e-defibrillatori-studio-esplorativo-su-valvole-cardiache\" aria-expanded=\"false\">\n\t\t\t\t\t\t<div class=\"sow-accordion-title sow-accordion-title-icon-left\">\n\t\t\t\t\t\t\t\t\t\t\t\t\t\tRegistro protesi impiantabili: definizione del dataflow per pacemaker e defibrillatori; studio esplorativo su valvole cardiache\t\t\t\t\t\t\t\t\t\t\t\t\t<\/div>\n\t\t\t\t\t\t<div class=\"sow-accordion-open-close-button\">\n\t\t\t\t\t\t\t<div class=\"sow-accordion-open-button\">\n\t\t\t\t\t\t\t\t<span class=\"sow-icon-ionicons\" data-sow-icon=\"&#xf218;\"\n\t\t \n\t\taria-hidden=\"true\"><\/span>\t\t\t\t\t\t\t<\/div>\n\t\t\t\t\t\t\t<div class=\"sow-accordion-close-button\">\n\t\t\t\t\t\t\t\t<span class=\"sow-icon-ionicons\" data-sow-icon=\"&#xf209;\"\n\t\t \n\t\taria-hidden=\"true\"><\/span>\t\t\t\t\t\t\t<\/div>\n\t\t\t\t\t\t<\/div>\n\t\t\t\t\t<\/div>\n\t\t\t\t<\/div>\n\n\t\t\t<div\n\t\t\t\tclass=\"sow-accordion-panel-content\"\n\t\t\t\trole=\"region\"\n\t\t\t\taria-labelledby=\"accordion-label-registro-protesi-impiantabili-definizione-del-dataflow-per-pacemaker-e-defibrillatori-studio-esplorativo-su-valvole-cardiache\"\n\t\t\t\tid=\"accordion-content-registro-protesi-impiantabili-definizione-del-dataflow-per-pacemaker-e-defibrillatori-studio-esplorativo-su-valvole-cardiache\"\n\t\t\t\tstyle=\"display: none;\"\t\t\t>\n\t\t\t\t<div class=\"sow-accordion-panel-border\">\n\t\t\t\t\t<p><strong>Obiettivo principale:<\/strong><\/p>\n<p>Identificare un modello di flusso informativo che capitalizzi il patrimonio dei sistemi di raccolta dati gi\u00e0 attivi sul territorio nazionale al fine di alimentare il Registro italiano pacemaker e defibrillatori, in seno al Registro italiano delle protesi impiantabili istituito presso l'ISS con il DPCM 3\/3\/2017. Effettuare uno studio esplorativo propedeutico all\u2019avvio del Registro italiano degli impianti di valvola cardiaca<\/p>\n<p><strong>Obiettivi specifici:\u00a0\u00a0<\/strong><\/p>\n<p>Pacemaker e defibrillatori: Rilevare i registri gi\u00e0 attivi sul territorio nazionale, studiarne il funzionamento e definire un possibile modello di flusso informativo per il Registro italiano pacemaker e defibrillatori<\/p>\n<p>Protesi valvolari cardiache: descrivere l\u2019attivit\u00e0 di implantologia delle protesi valvolari cardiache in Italia. Organizzare un tavolo tecnico per definire le variabili cliniche integrative alla Scheda di Dimissione Ospedaliera (SDO) utili per la raccolta dati del registro<\/p>\n<p><strong>Durata<\/strong><\/p>\n<p>18\/02\/2019-17\/02\/2021<\/p>\n\t\t\t\t<\/div>\n\t\t\t<\/div>\n\t\t<\/div>\n\t\t<\/div>\n<\/div>\n<\/div><\/div><\/div><\/div><\/div>","protected":false},"excerpt":{"rendered":"<p>Si riporta di seguito la lista degli accordi stipulati con il Ministero della Salute dal 2019.<\/p>\n","protected":false},"author":1,"featured_media":0,"parent":2114,"menu_order":0,"comment_status":"closed","ping_status":"closed","template":"","meta":{"_acf_changed":false,"footnotes":""},"class_list":["post-2620","page","type-page","status-publish","hentry"],"acf":[],"yoast_head":"<!-- This site is optimized with the Yoast SEO plugin v26.4 - https:\/\/yoast.com\/wordpress\/plugins\/seo\/ -->\r\n<title>Studi RIPI | RIPI<\/title>\r\n<meta name=\"robots\" content=\"index, follow, max-snippet:-1, max-image-preview:large, max-video-preview:-1\" \/>\r\n<link rel=\"canonical\" href=\"https:\/\/ripi.iss.it\/ripi\/it\/il-progetto\/studi-ripi\/\" \/>\r\n<meta property=\"og:locale\" content=\"it_IT\" \/>\r\n<meta property=\"og:type\" content=\"article\" \/>\r\n<meta property=\"og:title\" content=\"Studi RIPI | RIPI\" \/>\r\n<meta property=\"og:description\" content=\"Si riporta di seguito la lista degli accordi stipulati con il Ministero della Salute dal 2019.\" \/>\r\n<meta property=\"og:url\" content=\"https:\/\/ripi.iss.it\/ripi\/it\/il-progetto\/studi-ripi\/\" \/>\r\n<meta property=\"og:site_name\" content=\"RIPI\" \/>\r\n<meta property=\"article:modified_time\" content=\"2024-04-09T09:48:40+00:00\" \/>\r\n<meta property=\"og:image\" content=\"https:\/\/ripi.iss.it\/ripi\/wp-content\/uploads\/2023\/04\/Home-RIPI.png\" \/>\r\n\t<meta property=\"og:image:width\" content=\"1920\" \/>\r\n\t<meta property=\"og:image:height\" content=\"947\" \/>\r\n\t<meta property=\"og:image:type\" content=\"image\/png\" \/>\r\n<meta name=\"twitter:card\" content=\"summary_large_image\" \/>\r\n<script type=\"application\/ld+json\" class=\"yoast-schema-graph\">{\"@context\":\"https:\/\/schema.org\",\"@graph\":[{\"@type\":\"WebPage\",\"@id\":\"https:\/\/ripi.iss.it\/ripi\/it\/il-progetto\/studi-ripi\/\",\"url\":\"https:\/\/ripi.iss.it\/ripi\/it\/il-progetto\/studi-ripi\/\",\"name\":\"Studi RIPI | RIPI\",\"isPartOf\":{\"@id\":\"https:\/\/ripi.iss.it\/ripi\/#website\"},\"datePublished\":\"2019-12-11T15:34:30+00:00\",\"dateModified\":\"2024-04-09T09:48:40+00:00\",\"breadcrumb\":{\"@id\":\"https:\/\/ripi.iss.it\/ripi\/it\/il-progetto\/studi-ripi\/#breadcrumb\"},\"inLanguage\":\"it-IT\",\"potentialAction\":[{\"@type\":\"ReadAction\",\"target\":[\"https:\/\/ripi.iss.it\/ripi\/it\/il-progetto\/studi-ripi\/\"]}]},{\"@type\":\"BreadcrumbList\",\"@id\":\"https:\/\/ripi.iss.it\/ripi\/it\/il-progetto\/studi-ripi\/#breadcrumb\",\"itemListElement\":[{\"@type\":\"ListItem\",\"position\":1,\"name\":\"Home\",\"item\":\"https:\/\/ripi.iss.it\/ripi\/it\/\"},{\"@type\":\"ListItem\",\"position\":2,\"name\":\"Il progetto\",\"item\":\"https:\/\/ripi.iss.it\/ripi\/it\/il-progetto\/\"},{\"@type\":\"ListItem\",\"position\":3,\"name\":\"Studi RIPI\"}]},{\"@type\":\"WebSite\",\"@id\":\"https:\/\/ripi.iss.it\/ripi\/#website\",\"url\":\"https:\/\/ripi.iss.it\/ripi\/\",\"name\":\"RIPI\",\"description\":\"Registro Italiano delle Protesi Impiantabili\",\"publisher\":{\"@id\":\"https:\/\/ripi.iss.it\/ripi\/#organization\"},\"potentialAction\":[{\"@type\":\"SearchAction\",\"target\":{\"@type\":\"EntryPoint\",\"urlTemplate\":\"https:\/\/ripi.iss.it\/ripi\/?s={search_term_string}\"},\"query-input\":{\"@type\":\"PropertyValueSpecification\",\"valueRequired\":true,\"valueName\":\"search_term_string\"}}],\"inLanguage\":\"it-IT\"},{\"@type\":\"Organization\",\"@id\":\"https:\/\/ripi.iss.it\/ripi\/#organization\",\"name\":\"RIPI | Registro italiano delle protesi impiantabili\",\"url\":\"https:\/\/ripi.iss.it\/ripi\/\",\"logo\":{\"@type\":\"ImageObject\",\"inLanguage\":\"it-IT\",\"@id\":\"https:\/\/ripi.iss.it\/ripi\/#\/schema\/logo\/image\/\",\"url\":\"https:\/\/ripi.iss.it\/ripi\/wp-content\/uploads\/2019\/12\/logo_ripi_retina.png\",\"contentUrl\":\"https:\/\/ripi.iss.it\/ripi\/wp-content\/uploads\/2019\/12\/logo_ripi_retina.png\",\"width\":587,\"height\":258,\"caption\":\"RIPI | Registro italiano delle protesi impiantabili\"},\"image\":{\"@id\":\"https:\/\/ripi.iss.it\/ripi\/#\/schema\/logo\/image\/\"}}]}<\/script>\r\n<!-- \/ Yoast SEO plugin. -->","yoast_head_json":{"title":"Studi RIPI | RIPI","robots":{"index":"index","follow":"follow","max-snippet":"max-snippet:-1","max-image-preview":"max-image-preview:large","max-video-preview":"max-video-preview:-1"},"canonical":"https:\/\/ripi.iss.it\/ripi\/it\/il-progetto\/studi-ripi\/","og_locale":"it_IT","og_type":"article","og_title":"Studi RIPI | RIPI","og_description":"Si riporta di seguito la lista degli accordi stipulati con il Ministero della Salute dal 2019.","og_url":"https:\/\/ripi.iss.it\/ripi\/it\/il-progetto\/studi-ripi\/","og_site_name":"RIPI","article_modified_time":"2024-04-09T09:48:40+00:00","og_image":[{"width":1920,"height":947,"url":"https:\/\/ripi.iss.it\/ripi\/wp-content\/uploads\/2023\/04\/Home-RIPI.png","type":"image\/png"}],"twitter_card":"summary_large_image","schema":{"@context":"https:\/\/schema.org","@graph":[{"@type":"WebPage","@id":"https:\/\/ripi.iss.it\/ripi\/it\/il-progetto\/studi-ripi\/","url":"https:\/\/ripi.iss.it\/ripi\/it\/il-progetto\/studi-ripi\/","name":"Studi RIPI | RIPI","isPartOf":{"@id":"https:\/\/ripi.iss.it\/ripi\/#website"},"datePublished":"2019-12-11T15:34:30+00:00","dateModified":"2024-04-09T09:48:40+00:00","breadcrumb":{"@id":"https:\/\/ripi.iss.it\/ripi\/it\/il-progetto\/studi-ripi\/#breadcrumb"},"inLanguage":"it-IT","potentialAction":[{"@type":"ReadAction","target":["https:\/\/ripi.iss.it\/ripi\/it\/il-progetto\/studi-ripi\/"]}]},{"@type":"BreadcrumbList","@id":"https:\/\/ripi.iss.it\/ripi\/it\/il-progetto\/studi-ripi\/#breadcrumb","itemListElement":[{"@type":"ListItem","position":1,"name":"Home","item":"https:\/\/ripi.iss.it\/ripi\/it\/"},{"@type":"ListItem","position":2,"name":"Il progetto","item":"https:\/\/ripi.iss.it\/ripi\/it\/il-progetto\/"},{"@type":"ListItem","position":3,"name":"Studi RIPI"}]},{"@type":"WebSite","@id":"https:\/\/ripi.iss.it\/ripi\/#website","url":"https:\/\/ripi.iss.it\/ripi\/","name":"RIPI","description":"Registro Italiano delle Protesi Impiantabili","publisher":{"@id":"https:\/\/ripi.iss.it\/ripi\/#organization"},"potentialAction":[{"@type":"SearchAction","target":{"@type":"EntryPoint","urlTemplate":"https:\/\/ripi.iss.it\/ripi\/?s={search_term_string}"},"query-input":{"@type":"PropertyValueSpecification","valueRequired":true,"valueName":"search_term_string"}}],"inLanguage":"it-IT"},{"@type":"Organization","@id":"https:\/\/ripi.iss.it\/ripi\/#organization","name":"RIPI | Registro italiano delle protesi impiantabili","url":"https:\/\/ripi.iss.it\/ripi\/","logo":{"@type":"ImageObject","inLanguage":"it-IT","@id":"https:\/\/ripi.iss.it\/ripi\/#\/schema\/logo\/image\/","url":"https:\/\/ripi.iss.it\/ripi\/wp-content\/uploads\/2019\/12\/logo_ripi_retina.png","contentUrl":"https:\/\/ripi.iss.it\/ripi\/wp-content\/uploads\/2019\/12\/logo_ripi_retina.png","width":587,"height":258,"caption":"RIPI | Registro italiano delle protesi impiantabili"},"image":{"@id":"https:\/\/ripi.iss.it\/ripi\/#\/schema\/logo\/image\/"}}]}},"_links":{"self":[{"href":"https:\/\/ripi.iss.it\/ripi\/wp-json\/wp\/v2\/pages\/2620","targetHints":{"allow":["GET"]}}],"collection":[{"href":"https:\/\/ripi.iss.it\/ripi\/wp-json\/wp\/v2\/pages"}],"about":[{"href":"https:\/\/ripi.iss.it\/ripi\/wp-json\/wp\/v2\/types\/page"}],"author":[{"embeddable":true,"href":"https:\/\/ripi.iss.it\/ripi\/wp-json\/wp\/v2\/users\/1"}],"replies":[{"embeddable":true,"href":"https:\/\/ripi.iss.it\/ripi\/wp-json\/wp\/v2\/comments?post=2620"}],"version-history":[{"count":0,"href":"https:\/\/ripi.iss.it\/ripi\/wp-json\/wp\/v2\/pages\/2620\/revisions"}],"up":[{"embeddable":true,"href":"https:\/\/ripi.iss.it\/ripi\/wp-json\/wp\/v2\/pages\/2114"}],"wp:attachment":[{"href":"https:\/\/ripi.iss.it\/ripi\/wp-json\/wp\/v2\/media?parent=2620"}],"curies":[{"name":"wp","href":"https:\/\/api.w.org\/{rel}","templated":true}]}}